{"id":10,"date":"2019-08-06T09:52:45","date_gmt":"2019-08-06T09:52:45","guid":{"rendered":"https:\/\/ld-wp73.template-help.com\/wordpress\/prod_4439\/v4\/?page_id=10"},"modified":"2026-02-14T19:30:01","modified_gmt":"2026-02-14T19:30:01","slug":"rreth-nesh","status":"publish","type":"page","link":"https:\/\/drtkshkoder.com\/en\/rreth-nesh\/","title":{"rendered":"About us"},"content":{"rendered":"\t\t<div data-elementor-type=\"wp-post\" data-elementor-id=\"10\" class=\"elementor elementor-10\">\n\t\t\t\t\t\t<section class=\"elementor-section elementor-top-section elementor-element elementor-element-f41e659 elementor-section-boxed elementor-section-height-default elementor-section-height-default\" data-id=\"f41e659\" data-element_type=\"section\" data-e-type=\"section\" data-settings=\"{&quot;jet_parallax_layout_list&quot;:[{&quot;jet_parallax_layout_image&quot;:{&quot;url&quot;:&quot;&quot;,&quot;id&quot;:&quot;&quot;,&quot;size&quot;:&quot;&quot;},&quot;_id&quot;:&quot;1ecb4b0&quot;,&quot;jet_parallax_layout_image_tablet&quot;:{&quot;url&quot;:&quot;&quot;,&quot;id&quot;:&quot;&quot;,&quot;size&quot;:&quot;&quot;},&quot;jet_parallax_layout_image_mobile&quot;:{&quot;url&quot;:&quot;&quot;,&quot;id&quot;:&quot;&quot;,&quot;size&quot;:&quot;&quot;},&quot;jet_parallax_layout_speed&quot;:{&quot;unit&quot;:&quot;%&quot;,&quot;size&quot;:50,&quot;sizes&quot;:[]},&quot;jet_parallax_layout_type&quot;:&quot;scroll&quot;,&quot;jet_parallax_layout_direction&quot;:&quot;1&quot;,&quot;jet_parallax_layout_fx_direction&quot;:null,&quot;jet_parallax_layout_z_index&quot;:&quot;&quot;,&quot;jet_parallax_layout_bg_x&quot;:50,&quot;jet_parallax_layout_bg_x_tablet&quot;:&quot;&quot;,&quot;jet_parallax_layout_bg_x_mobile&quot;:&quot;&quot;,&quot;jet_parallax_layout_bg_y&quot;:50,&quot;jet_parallax_layout_bg_y_tablet&quot;:&quot;&quot;,&quot;jet_parallax_layout_bg_y_mobile&quot;:&quot;&quot;,&quot;jet_parallax_layout_bg_size&quot;:&quot;auto&quot;,&quot;jet_parallax_layout_bg_size_tablet&quot;:&quot;&quot;,&quot;jet_parallax_layout_bg_size_mobile&quot;:&quot;&quot;,&quot;jet_parallax_layout_animation_prop&quot;:&quot;transform&quot;,&quot;jet_parallax_layout_on&quot;:[&quot;desktop&quot;,&quot;tablet&quot;]}],&quot;background_background&quot;:&quot;classic&quot;}\">\n\t\t\t\t\t\t<div class=\"elementor-container elementor-column-gap-default\">\n\t\t\t\t\t<div class=\"elementor-column elementor-col-100 elementor-top-column elementor-element elementor-element-6b815f0\" data-id=\"6b815f0\" data-element_type=\"column\" data-e-type=\"column\">\n\t\t\t<div class=\"elementor-widget-wrap elementor-element-populated\">\n\t\t\t\t\t\t<div class=\"elementor-element elementor-element-ade3aed elementor-widget-divider--view-line elementor-widget elementor-widget-divider\" data-id=\"ade3aed\" data-element_type=\"widget\" data-e-type=\"widget\" data-widget_type=\"divider.default\">\n\t\t\t\t\t\t\t<div class=\"elementor-divider\">\n\t\t\t<span class=\"elementor-divider-separator\">\n\t\t\t\t\t\t<\/span>\n\t\t<\/div>\n\t\t\t\t\t\t<\/div>\n\t\t\t\t<div class=\"elementor-element elementor-element-535271b elementor-widget elementor-widget-heading\" data-id=\"535271b\" data-element_type=\"widget\" data-e-type=\"widget\" data-widget_type=\"heading.default\">\n\t\t\t\t\t<h1 class=\"elementor-heading-title elementor-size-default\">RRETH NESH<\/h1>\t\t\t\t<\/div>\n\t\t\t\t<div class=\"elementor-element elementor-element-ad7e440 elementor-widget elementor-widget-text-editor\" data-id=\"ad7e440\" data-element_type=\"widget\" data-e-type=\"widget\" data-widget_type=\"text-editor.default\">\n\t\t\t\t\t\t\t\t\t<p>Institucion q\u00eb mbron dhe promovon trash\u00ebgimin\u00eb kulturore t\u00eb rajonit t\u00eb Shkodr\u00ebs<\/p>\t\t\t\t\t\t\t\t<\/div>\n\t\t\t\t\t<\/div>\n\t\t<\/div>\n\t\t\t\t\t<\/div>\n\t\t<\/section>\n\t\t\t\t<section class=\"elementor-section elementor-top-section elementor-element elementor-element-a133fd1 elementor-section-boxed elementor-section-height-default elementor-section-height-default\" data-id=\"a133fd1\" data-element_type=\"section\" data-e-type=\"section\" data-settings=\"{&quot;jet_parallax_layout_list&quot;:[]}\">\n\t\t\t\t\t\t<div class=\"elementor-container elementor-column-gap-no\">\n\t\t\t\t\t<div class=\"elementor-column elementor-col-100 elementor-top-column elementor-element elementor-element-632e97c\" data-id=\"632e97c\" data-element_type=\"column\" data-e-type=\"column\">\n\t\t\t<div class=\"elementor-widget-wrap elementor-element-populated\">\n\t\t\t\t\t\t<div class=\"elementor-element elementor-element-d376ff5 elementor-view-stacked elementor-position-inline-start elementor-tablet-position-block-start elementor-widget__width-initial elementor-widget-mobile__width-inherit elementor-shape-circle elementor-mobile-position-block-start elementor-widget elementor-widget-icon-box\" data-id=\"d376ff5\" data-element_type=\"widget\" data-e-type=\"widget\" data-widget_type=\"icon-box.default\">\n\t\t\t\t\t\t\t<div class=\"elementor-icon-box-wrapper\">\n\n\t\t\t\t\t\t<div class=\"elementor-icon-box-icon\">\n\t\t\t\t<a href=\"#\" class=\"elementor-icon\" tabindex=\"-1\" aria-label=\"Misioni\">\n\t\t\t\t<svg aria-hidden=\"true\" class=\"e-font-icon-svg e-fas-flag\" viewBox=\"0 0 512 512\" xmlns=\"http:\/\/www.w3.org\/2000\/svg\"><path d=\"M349.565 98.783C295.978 98.783 251.721 64 184.348 64c-24.955 0-47.309 4.384-68.045 12.013a55.947 55.947 0 0 0 3.586-23.562C118.117 24.015 94.806 1.206 66.338.048 34.345-1.254 8 24.296 8 56c0 19.026 9.497 35.825 24 45.945V488c0 13.255 10.745 24 24 24h16c13.255 0 24-10.745 24-24v-94.4c28.311-12.064 63.582-22.122 114.435-22.122 53.588 0 97.844 34.783 165.217 34.783 48.169 0 86.667-16.294 122.505-40.858C506.84 359.452 512 349.571 512 339.045v-243.1c0-23.393-24.269-38.87-45.485-29.016-34.338 15.948-76.454 31.854-116.95 31.854z\"><\/path><\/svg>\t\t\t\t<\/a>\n\t\t\t<\/div>\n\t\t\t\n\t\t\t\t\t\t<div class=\"elementor-icon-box-content\">\n\n\t\t\t\t\t\t\t\t\t<div class=\"elementor-icon-box-title\">\n\t\t\t\t\t\t<a href=\"#\" >\n\t\t\t\t\t\t\tMisioni\t\t\t\t\t\t<\/a>\n\t\t\t\t\t<\/div>\n\t\t\t\t\n\t\t\t\t\t\t\t\t\t<p class=\"elementor-icon-box-description\">\n\t\t\t\t\t\tMisioni yn\u00eb \u00ebsht\u00eb t\u00eb mbrojm\u00eb, dokumentojm\u00eb dhe promovojm\u00eb trash\u00ebgimin\u00eb kulturore t\u00eb rajonit t\u00eb Shkodr\u00ebs, duke siguruar q\u00eb pasuria historike t\u00eb ruhet p\u00ebr brezat e ardhsh\u00ebm.\t\t\t\t\t<\/p>\n\t\t\t\t\n\t\t\t<\/div>\n\t\t\t\n\t\t<\/div>\n\t\t\t\t\t\t<\/div>\n\t\t\t\t<div class=\"elementor-element elementor-element-70944ba elementor-view-stacked elementor-position-inline-start elementor-tablet-position-block-start elementor-widget__width-initial elementor-widget-mobile__width-inherit elementor-shape-circle elementor-mobile-position-block-start elementor-widget elementor-widget-icon-box\" data-id=\"70944ba\" data-element_type=\"widget\" data-e-type=\"widget\" data-widget_type=\"icon-box.default\">\n\t\t\t\t\t\t\t<div class=\"elementor-icon-box-wrapper\">\n\n\t\t\t\t\t\t<div class=\"elementor-icon-box-icon\">\n\t\t\t\t<a href=\"#\" class=\"elementor-icon\" tabindex=\"-1\" aria-label=\"Konservimi &amp; Restaurimi\">\n\t\t\t\t<i aria-hidden=\"true\" class=\"nc-icon-outline travel_temple-02\"><\/i>\t\t\t\t<\/a>\n\t\t\t<\/div>\n\t\t\t\n\t\t\t\t\t\t<div class=\"elementor-icon-box-content\">\n\n\t\t\t\t\t\t\t\t\t<div class=\"elementor-icon-box-title\">\n\t\t\t\t\t\t<a href=\"#\" >\n\t\t\t\t\t\t\tKonservimi &amp; Restaurimi\t\t\t\t\t\t<\/a>\n\t\t\t\t\t<\/div>\n\t\t\t\t\n\t\t\t\t\t\t\t\t\t<p class=\"elementor-icon-box-description\">\n\t\t\t\t\t\tInstitucioni yn\u00eb koordinon proceset e restaurimit dhe konservimit t\u00eb monumenteve dhe objekteve kulturore, p\u00ebr t\u00eb ruajtur origjinalitetin dhe struktur\u00ebn e tyre historike.\t\t\t\t\t<\/p>\n\t\t\t\t\n\t\t\t<\/div>\n\t\t\t\n\t\t<\/div>\n\t\t\t\t\t\t<\/div>\n\t\t\t\t<div class=\"elementor-element elementor-element-06bc9cd elementor-view-stacked elementor-position-inline-start elementor-tablet-position-block-start elementor-widget__width-initial elementor-widget-mobile__width-inherit elementor-shape-circle elementor-mobile-position-block-start elementor-widget elementor-widget-icon-box\" data-id=\"06bc9cd\" data-element_type=\"widget\" data-e-type=\"widget\" data-widget_type=\"icon-box.default\">\n\t\t\t\t\t\t\t<div class=\"elementor-icon-box-wrapper\">\n\n\t\t\t\t\t\t<div class=\"elementor-icon-box-icon\">\n\t\t\t\t<a href=\"#\" class=\"elementor-icon\" tabindex=\"-1\" aria-label=\"Vlerat Kulturore\">\n\t\t\t\t<svg aria-hidden=\"true\" class=\"e-font-icon-svg e-fas-theater-masks\" viewBox=\"0 0 640 512\" xmlns=\"http:\/\/www.w3.org\/2000\/svg\"><path d=\"M206.86 245.15c-35.88 10.45-59.95 41.2-57.53 74.1 11.4-12.72 28.81-23.7 49.9-30.92l7.63-43.18zM95.81 295L64.08 115.49c-.29-1.62.28-2.62.24-2.65 57.76-32.06 123.12-49.01 189.01-49.01 1.61 0 3.23.17 4.85.19 13.95-13.47 31.73-22.83 51.59-26 18.89-3.02 38.05-4.55 57.18-5.32-9.99-13.95-24.48-24.23-41.77-27C301.27 1.89 277.24 0 253.32 0 176.66 0 101.02 19.42 33.2 57.06 9.03 70.48-3.92 98.48 1.05 126.58l31.73 179.51c14.23 80.52 136.33 142.08 204.45 142.08 3.59 0 6.75-.46 10.01-.8-13.52-17.08-28.94-40.48-39.5-67.58-47.61-12.98-106.06-51.62-111.93-84.79zm97.55-137.46c-.73-4.12-2.23-7.87-4.07-11.4-8.25 8.91-20.67 15.75-35.32 18.32-14.65 2.58-28.67.4-39.48-5.17-.52 3.94-.64 7.98.09 12.1 3.84 21.7 24.58 36.19 46.34 32.37 21.75-3.82 36.28-24.52 32.44-46.22zM606.8 120.9c-88.98-49.38-191.43-67.41-291.98-51.35-27.31 4.36-49.08 26.26-54.04 54.36l-31.73 179.51c-15.39 87.05 95.28 196.27 158.31 207.35 63.03 11.09 204.47-53.79 219.86-140.84l31.73-179.51c4.97-28.11-7.98-56.11-32.15-69.52zm-273.24 96.8c3.84-21.7 24.58-36.19 46.34-32.36 21.76 3.83 36.28 24.52 32.45 46.22-.73 4.12-2.23 7.87-4.07 11.4-8.25-8.91-20.67-15.75-35.32-18.32-14.65-2.58-28.67-.4-39.48 5.17-.53-3.95-.65-7.99.08-12.11zm70.47 198.76c-55.68-9.79-93.52-59.27-89.04-112.9 20.6 25.54 56.21 46.17 99.49 53.78 43.28 7.61 83.82.37 111.93-16.6-14.18 51.94-66.71 85.51-122.38 75.72zm130.3-151.34c-8.25-8.91-20.68-15.75-35.33-18.32-14.65-2.58-28.67-.4-39.48 5.17-.52-3.94-.64-7.98.09-12.1 3.84-21.7 24.58-36.19 46.34-32.37 21.75 3.83 36.28 24.52 32.45 46.22-.73 4.13-2.23 7.88-4.07 11.4z\"><\/path><\/svg>\t\t\t\t<\/a>\n\t\t\t<\/div>\n\t\t\t\n\t\t\t\t\t\t<div class=\"elementor-icon-box-content\">\n\n\t\t\t\t\t\t\t\t\t<div class=\"elementor-icon-box-title\">\n\t\t\t\t\t\t<a href=\"#\" >\n\t\t\t\t\t\t\tVlerat Kulturore\t\t\t\t\t\t<\/a>\n\t\t\t\t\t<\/div>\n\t\t\t\t\n\t\t\t\t\t\t\t\t\t<p class=\"elementor-icon-box-description\">\n\t\t\t\t\t\tNe punojm\u00eb me integritet profesional dhe ndjeshm\u00ebri kulturore, duke respektuar autenticitetin, historin\u00eb dhe identitetin e trash\u00ebgimis\u00eb s\u00eb zon\u00ebs.\t\t\t\t\t<\/p>\n\t\t\t\t\n\t\t\t<\/div>\n\t\t\t\n\t\t<\/div>\n\t\t\t\t\t\t<\/div>\n\t\t\t\t<div class=\"elementor-element elementor-element-4777df2 elementor-view-stacked elementor-position-inline-start elementor-tablet-position-block-start elementor-widget__width-initial elementor-widget-mobile__width-inherit elementor-shape-circle elementor-mobile-position-block-start elementor-widget elementor-widget-icon-box\" data-id=\"4777df2\" data-element_type=\"widget\" data-e-type=\"widget\" data-widget_type=\"icon-box.default\">\n\t\t\t\t\t\t\t<div class=\"elementor-icon-box-wrapper\">\n\n\t\t\t\t\t\t<div class=\"elementor-icon-box-icon\">\n\t\t\t\t<a href=\"#\" class=\"elementor-icon\" tabindex=\"-1\" aria-label=\"Edukimi &amp; Promovimi\">\n\t\t\t\t<i aria-hidden=\"true\" class=\"nc-icon-outline nature_tree-01\"><\/i>\t\t\t\t<\/a>\n\t\t\t<\/div>\n\t\t\t\n\t\t\t\t\t\t<div class=\"elementor-icon-box-content\">\n\n\t\t\t\t\t\t\t\t\t<div class=\"elementor-icon-box-title\">\n\t\t\t\t\t\t<a href=\"#\" >\n\t\t\t\t\t\t\tEdukimi &amp; Promovimi\t\t\t\t\t\t<\/a>\n\t\t\t\t\t<\/div>\n\t\t\t\t\n\t\t\t\t\t\t\t\t\t<p class=\"elementor-icon-box-description\">\n\t\t\t\t\t\tNe organizojm\u00eb aktivitete, guida, evente dhe programe edukative q\u00eb rrisin nd\u00ebrgjegj\u00ebsimin publik p\u00ebr vlerat kulturore dhe historin\u00eb e rajonit.\t\t\t\t\t<\/p>\n\t\t\t\t\n\t\t\t<\/div>\n\t\t\t\n\t\t<\/div>\n\t\t\t\t\t\t<\/div>\n\t\t\t\t\t<\/div>\n\t\t<\/div>\n\t\t\t\t\t<\/div>\n\t\t<\/section>\n\t\t\t\t<section class=\"elementor-section elementor-top-section elementor-element elementor-element-7ead329 elementor-section-boxed elementor-section-height-default elementor-section-height-default\" data-id=\"7ead329\" data-element_type=\"section\" data-e-type=\"section\" data-settings=\"{&quot;jet_parallax_layout_list&quot;:[{&quot;jet_parallax_layout_image&quot;:{&quot;url&quot;:&quot;&quot;,&quot;id&quot;:&quot;&quot;,&quot;size&quot;:&quot;&quot;},&quot;_id&quot;:&quot;3c33ddd&quot;,&quot;jet_parallax_layout_image_tablet&quot;:{&quot;url&quot;:&quot;&quot;,&quot;id&quot;:&quot;&quot;,&quot;size&quot;:&quot;&quot;},&quot;jet_parallax_layout_image_mobile&quot;:{&quot;url&quot;:&quot;&quot;,&quot;id&quot;:&quot;&quot;,&quot;size&quot;:&quot;&quot;},&quot;jet_parallax_layout_speed&quot;:{&quot;unit&quot;:&quot;%&quot;,&quot;size&quot;:50,&quot;sizes&quot;:[]},&quot;jet_parallax_layout_type&quot;:&quot;scroll&quot;,&quot;jet_parallax_layout_direction&quot;:&quot;1&quot;,&quot;jet_parallax_layout_fx_direction&quot;:null,&quot;jet_parallax_layout_z_index&quot;:&quot;&quot;,&quot;jet_parallax_layout_bg_x&quot;:50,&quot;jet_parallax_layout_bg_x_tablet&quot;:&quot;&quot;,&quot;jet_parallax_layout_bg_x_mobile&quot;:&quot;&quot;,&quot;jet_parallax_layout_bg_y&quot;:50,&quot;jet_parallax_layout_bg_y_tablet&quot;:&quot;&quot;,&quot;jet_parallax_layout_bg_y_mobile&quot;:&quot;&quot;,&quot;jet_parallax_layout_bg_size&quot;:&quot;auto&quot;,&quot;jet_parallax_layout_bg_size_tablet&quot;:&quot;&quot;,&quot;jet_parallax_layout_bg_size_mobile&quot;:&quot;&quot;,&quot;jet_parallax_layout_animation_prop&quot;:&quot;transform&quot;,&quot;jet_parallax_layout_on&quot;:[&quot;desktop&quot;,&quot;tablet&quot;]}],&quot;background_background&quot;:&quot;classic&quot;}\">\n\t\t\t\t\t\t<div class=\"elementor-container elementor-column-gap-default\">\n\t\t\t\t\t<div class=\"elementor-column elementor-col-25 elementor-top-column elementor-element elementor-element-d556481\" data-id=\"d556481\" data-element_type=\"column\" data-e-type=\"column\">\n\t\t\t<div class=\"elementor-widget-wrap\">\n\t\t\t\t\t\t\t<\/div>\n\t\t<\/div>\n\t\t\t\t<div class=\"elementor-column elementor-col-25 elementor-top-column elementor-element elementor-element-b209eb1\" data-id=\"b209eb1\" data-element_type=\"column\" data-e-type=\"column\">\n\t\t\t<div class=\"elementor-widget-wrap\">\n\t\t\t\t\t\t\t<\/div>\n\t\t<\/div>\n\t\t\t\t<div class=\"elementor-column elementor-col-25 elementor-top-column elementor-element elementor-element-2cce4a2\" data-id=\"2cce4a2\" data-element_type=\"column\" data-e-type=\"column\">\n\t\t\t<div class=\"elementor-widget-wrap\">\n\t\t\t\t\t\t\t<\/div>\n\t\t<\/div>\n\t\t\t\t<div class=\"elementor-column elementor-col-25 elementor-top-column elementor-element elementor-element-410b3d3\" data-id=\"410b3d3\" data-element_type=\"column\" data-e-type=\"column\">\n\t\t\t<div class=\"elementor-widget-wrap\">\n\t\t\t\t\t\t\t<\/div>\n\t\t<\/div>\n\t\t\t\t\t<\/div>\n\t\t<\/section>\n\t\t\t\t<section class=\"elementor-section elementor-top-section elementor-element elementor-element-57bbd3c elementor-section-boxed elementor-section-height-default elementor-section-height-default\" data-id=\"57bbd3c\" data-element_type=\"section\" data-e-type=\"section\" data-settings=\"{&quot;jet_parallax_layout_list&quot;:[{&quot;jet_parallax_layout_image&quot;:{&quot;url&quot;:&quot;&quot;,&quot;id&quot;:&quot;&quot;,&quot;size&quot;:&quot;&quot;},&quot;_id&quot;:&quot;da430ad&quot;,&quot;jet_parallax_layout_image_tablet&quot;:{&quot;url&quot;:&quot;&quot;,&quot;id&quot;:&quot;&quot;,&quot;size&quot;:&quot;&quot;},&quot;jet_parallax_layout_image_mobile&quot;:{&quot;url&quot;:&quot;&quot;,&quot;id&quot;:&quot;&quot;,&quot;size&quot;:&quot;&quot;},&quot;jet_parallax_layout_speed&quot;:{&quot;unit&quot;:&quot;%&quot;,&quot;size&quot;:50,&quot;sizes&quot;:[]},&quot;jet_parallax_layout_type&quot;:&quot;scroll&quot;,&quot;jet_parallax_layout_direction&quot;:&quot;1&quot;,&quot;jet_parallax_layout_fx_direction&quot;:null,&quot;jet_parallax_layout_z_index&quot;:&quot;&quot;,&quot;jet_parallax_layout_bg_x&quot;:50,&quot;jet_parallax_layout_bg_x_tablet&quot;:&quot;&quot;,&quot;jet_parallax_layout_bg_x_mobile&quot;:&quot;&quot;,&quot;jet_parallax_layout_bg_y&quot;:50,&quot;jet_parallax_layout_bg_y_tablet&quot;:&quot;&quot;,&quot;jet_parallax_layout_bg_y_mobile&quot;:&quot;&quot;,&quot;jet_parallax_layout_bg_size&quot;:&quot;auto&quot;,&quot;jet_parallax_layout_bg_size_tablet&quot;:&quot;&quot;,&quot;jet_parallax_layout_bg_size_mobile&quot;:&quot;&quot;,&quot;jet_parallax_layout_animation_prop&quot;:&quot;transform&quot;,&quot;jet_parallax_layout_on&quot;:[&quot;desktop&quot;,&quot;tablet&quot;]}]}\">\n\t\t\t\t\t\t<div class=\"elementor-container elementor-column-gap-no\">\n\t\t\t\t\t<div class=\"elementor-column elementor-col-100 elementor-top-column elementor-element elementor-element-e23706f\" data-id=\"e23706f\" data-element_type=\"column\" data-e-type=\"column\">\n\t\t\t<div class=\"elementor-widget-wrap elementor-element-populated\">\n\t\t\t\t\t\t<div class=\"elementor-element elementor-element-33a9a96 elementor-widget elementor-widget-heading\" data-id=\"33a9a96\" data-element_type=\"widget\" data-e-type=\"widget\" data-widget_type=\"heading.default\">\n\t\t\t\t\t<h2 class=\"elementor-heading-title elementor-size-default\">Lista e Monumenteve<\/h2>\t\t\t\t<\/div>\n\t\t\t\t\t<\/div>\n\t\t<\/div>\n\t\t\t\t\t<\/div>\n\t\t<\/section>\n\t\t<div class=\"elementor-element elementor-element-a7079f7 e-con-full e-flex e-con e-parent\" data-id=\"a7079f7\" data-element_type=\"container\" data-e-type=\"container\" data-settings=\"{&quot;jet_parallax_layout_list&quot;:[]}\">\n\t\t<div class=\"elementor-element elementor-element-7762770 e-con-full e-flex e-con e-child\" data-id=\"7762770\" data-element_type=\"container\" data-e-type=\"container\" data-settings=\"{&quot;jet_parallax_layout_list&quot;:[]}\">\n\t\t\t\t<div class=\"elementor-element elementor-element-fa99800 elementor-widget elementor-widget-jet-animated-box\" data-id=\"fa99800\" data-element_type=\"widget\" data-e-type=\"widget\" data-widget_type=\"jet-animated-box.default\">\n\t\t\t\t<div class=\"elementor-widget-container\">\n\t\t\t\t\t<div class=\"elementor-jet-animated-box jet-elements\"><div id=\"jet-animated-box-fa99800\" class=\"jet-animated-box jet-box-effect-1\" data-settings='{&quot;widgetId&quot;:&quot;fa99800&quot;,&quot;switchEventType&quot;:&quot;hover&quot;,&quot;paperFoldDirection&quot;:&quot;left&quot;,&quot;slideOutDirection&quot;:&quot;left&quot;,&quot;peelCornerPosition&quot;:&quot;right&quot;}'>\n\t<div id=\"jet-animated-box__front-fa99800\" class=\"jet-animated-box__front\">\n\t\t<div class=\"jet-animated-box__inner\"><div class=\"jet-animated-box__content\"><h3 class=\"jet-animated-box__title jet-animated-box__title--front\">Monumentet e Qarkut Shkod\u00ebr<\/h3><\/div><\/div>\n\t\t<div class=\"jet-animated-box__overlay\"><\/div><\/div>\n\t<div id=\"jet-animated-box__back-fa99800\" class=\"jet-animated-box__back\">\n\t\t<div class=\"jet-animated-box__inner\"><div class=\"jet-animated-box__content\"><a class=\"elementor-button elementor-size-md jet-animated-box__button jet-animated-box__button--back jet-animated-box__button--icon-\" href=\"https:\/\/drtkshkoder.com\/fokusi-yne\/monumentet-ne-qarkun-shkoder\/\"><span class=\"jet-animated-box__button-text\">Shiko m\u00eb shum\u00eb<\/span><\/a>\n\n<\/div><\/div>\n\t\t<div class=\"jet-animated-box__overlay\"><\/div><\/div>\n<\/div>\n<\/div>\t\t\t\t<\/div>\n\t\t\t\t<\/div>\n\t\t\t\t<\/div>\n\t\t<div class=\"elementor-element elementor-element-566e050 e-con-full e-flex e-con e-child\" data-id=\"566e050\" data-element_type=\"container\" data-e-type=\"container\" data-settings=\"{&quot;jet_parallax_layout_list&quot;:[]}\">\n\t\t\t\t<div class=\"elementor-element elementor-element-4c9d12b elementor-widget elementor-widget-jet-animated-box\" data-id=\"4c9d12b\" data-element_type=\"widget\" data-e-type=\"widget\" data-widget_type=\"jet-animated-box.default\">\n\t\t\t\t<div class=\"elementor-widget-container\">\n\t\t\t\t\t<div class=\"elementor-jet-animated-box jet-elements\"><div id=\"jet-animated-box-4c9d12b\" class=\"jet-animated-box jet-box-effect-1\" data-settings='{&quot;widgetId&quot;:&quot;4c9d12b&quot;,&quot;switchEventType&quot;:&quot;hover&quot;,&quot;paperFoldDirection&quot;:&quot;left&quot;,&quot;slideOutDirection&quot;:&quot;left&quot;,&quot;peelCornerPosition&quot;:&quot;right&quot;}'>\n\t<div id=\"jet-animated-box__front-4c9d12b\" class=\"jet-animated-box__front\">\n\t\t<div class=\"jet-animated-box__inner\"><div class=\"jet-animated-box__content\"><h3 class=\"jet-animated-box__title jet-animated-box__title--front\">Monumentet e Qarkut Lezh\u00eb<\/h3><\/div><\/div>\n\t\t<div class=\"jet-animated-box__overlay\"><\/div><\/div>\n\t<div id=\"jet-animated-box__back-4c9d12b\" class=\"jet-animated-box__back\">\n\t\t<div class=\"jet-animated-box__inner\"><div class=\"jet-animated-box__content\"><a class=\"elementor-button elementor-size-md jet-animated-box__button jet-animated-box__button--back jet-animated-box__button--icon-\" href=\"https:\/\/drtkshkoder.com\/fokusi-yne\/monumentet-ne-qarkun-lezhe\/\"><span class=\"jet-animated-box__button-text\">Shiko m\u00eb shum\u00eb<\/span><\/a>\n\n<\/div><\/div>\n\t\t<div class=\"jet-animated-box__overlay\"><\/div><\/div>\n<\/div>\n<\/div>\t\t\t\t<\/div>\n\t\t\t\t<\/div>\n\t\t\t\t<\/div>\n\t\t<div class=\"elementor-element elementor-element-a1994d0 e-con-full e-flex e-con e-child\" data-id=\"a1994d0\" data-element_type=\"container\" data-e-type=\"container\" data-settings=\"{&quot;jet_parallax_layout_list&quot;:[]}\">\n\t\t\t\t<div class=\"elementor-element elementor-element-927ac19 elementor-widget elementor-widget-jet-animated-box\" data-id=\"927ac19\" data-element_type=\"widget\" data-e-type=\"widget\" data-widget_type=\"jet-animated-box.default\">\n\t\t\t\t<div class=\"elementor-widget-container\">\n\t\t\t\t\t<div class=\"elementor-jet-animated-box jet-elements\"><div id=\"jet-animated-box-927ac19\" class=\"jet-animated-box jet-box-effect-1\" data-settings='{&quot;widgetId&quot;:&quot;927ac19&quot;,&quot;switchEventType&quot;:&quot;hover&quot;,&quot;paperFoldDirection&quot;:&quot;left&quot;,&quot;slideOutDirection&quot;:&quot;left&quot;,&quot;peelCornerPosition&quot;:&quot;right&quot;}'>\n\t<div id=\"jet-animated-box__front-927ac19\" class=\"jet-animated-box__front\">\n\t\t<div class=\"jet-animated-box__inner\"><div class=\"jet-animated-box__content\"><h3 class=\"jet-animated-box__title jet-animated-box__title--front\">Monumentet e Qarkut Lezh\u00eb<\/h3><\/div><\/div>\n\t\t<div class=\"jet-animated-box__overlay\"><\/div><\/div>\n\t<div id=\"jet-animated-box__back-927ac19\" class=\"jet-animated-box__back\">\n\t\t<div class=\"jet-animated-box__inner\"><div class=\"jet-animated-box__content\"><a class=\"elementor-button elementor-size-md jet-animated-box__button jet-animated-box__button--back jet-animated-box__button--icon-\" href=\"https:\/\/drtkshkoder.com\/fokusi-yne\/monumentet-ne-qarkun-kukes\/\"><span class=\"jet-animated-box__button-text\">Shiko m\u00eb shum\u00eb<\/span><\/a>\n\n<\/div><\/div>\n\t\t<div class=\"jet-animated-box__overlay\"><\/div><\/div>\n<\/div>\n<\/div>\t\t\t\t<\/div>\n\t\t\t\t<\/div>\n\t\t\t\t<\/div>\n\t\t\t\t<\/div>\n\t\t\t\t<\/div>\n\t\t","protected":false},"excerpt":{"rendered":"<p>RRETH NESH Institucion q\u00eb mbron dhe promovon trash\u00ebgimin\u00eb kulturore t\u00eb rajonit t\u00eb Shkodr\u00ebs Misioni Misioni yn\u00eb \u00ebsht\u00eb t\u00eb mbrojm\u00eb, dokumentojm\u00eb dhe promovojm\u00eb trash\u00ebgimin\u00eb kulturore t\u00eb rajonit t\u00eb Shkodr\u00ebs, duke siguruar q\u00eb pasuria historike t\u00eb ruhet p\u00ebr brezat e ardhsh\u00ebm. Konservimi &amp; Restaurimi Institucioni yn\u00eb koordinon proceset e restaurimit dhe konservimit t\u00eb monumenteve dhe objekteve kulturore, [&hellip;]<\/p>\n","protected":false},"author":1,"featured_media":0,"parent":0,"menu_order":0,"comment_status":"closed","ping_status":"closed","template":"elementor_header_footer","meta":{"footnotes":""},"class_list":["post-10","page","type-page","status-publish","hentry"],"_links":{"self":[{"href":"https:\/\/drtkshkoder.com\/en\/wp-json\/wp\/v2\/pages\/10","targetHints":{"allow":["GET"]}}],"collection":[{"href":"https:\/\/drtkshkoder.com\/en\/wp-json\/wp\/v2\/pages"}],"about":[{"href":"https:\/\/drtkshkoder.com\/en\/wp-json\/wp\/v2\/types\/page"}],"author":[{"embeddable":true,"href":"https:\/\/drtkshkoder.com\/en\/wp-json\/wp\/v2\/users\/1"}],"replies":[{"embeddable":true,"href":"https:\/\/drtkshkoder.com\/en\/wp-json\/wp\/v2\/comments?post=10"}],"version-history":[{"count":30,"href":"https:\/\/drtkshkoder.com\/en\/wp-json\/wp\/v2\/pages\/10\/revisions"}],"predecessor-version":[{"id":4707,"href":"https:\/\/drtkshkoder.com\/en\/wp-json\/wp\/v2\/pages\/10\/revisions\/4707"}],"wp:attachment":[{"href":"https:\/\/drtkshkoder.com\/en\/wp-json\/wp\/v2\/media?parent=10"}],"curies":[{"name":"wp","href":"https:\/\/api.w.org\/{rel}","templated":true}]}}