{"id":14,"date":"2019-08-06T09:53:42","date_gmt":"2019-08-06T09:53:42","guid":{"rendered":"https:\/\/ld-wp73.template-help.com\/wordpress\/prod_4439\/v4\/?page_id=14"},"modified":"2026-02-25T12:51:47","modified_gmt":"2026-02-25T12:51:47","slug":"programi-i-transparences","status":"publish","type":"page","link":"https:\/\/drtkshkoder.com\/en\/programi-i-transparences\/","title":{"rendered":"Programi i transparences"},"content":{"rendered":"\t\t<div data-elementor-type=\"wp-post\" data-elementor-id=\"14\" class=\"elementor elementor-14\">\n\t\t\t\t<div class=\"elementor-element elementor-element-97fb1bd e-con-full e-flex e-con e-parent\" data-id=\"97fb1bd\" data-element_type=\"container\" data-e-type=\"container\" data-settings=\"{&quot;jet_parallax_layout_list&quot;:[]}\">\n\t\t\t\t<div class=\"elementor-element elementor-element-550d949 elementor-widget elementor-widget-heading\" data-id=\"550d949\" data-element_type=\"widget\" data-e-type=\"widget\" data-widget_type=\"heading.default\">\n\t\t\t\t\t<h3 class=\"elementor-heading-title elementor-size-default\">PROGRAMI I TRANSPARENC\u00cbS I AUTORITETEVE PUBLIKE<\/h3>\t\t\t\t<\/div>\n\t\t\t\t<\/div>\n\t\t<div class=\"elementor-element elementor-element-3747435 e-flex e-con-boxed e-con e-parent\" data-id=\"3747435\" data-element_type=\"container\" data-e-type=\"container\" data-settings=\"{&quot;jet_parallax_layout_list&quot;:[]}\">\n\t\t\t\t\t<div class=\"e-con-inner\">\n\t\t\t\t<div class=\"elementor-element elementor-element-148377d elementor-widget elementor-widget-spacer\" data-id=\"148377d\" data-element_type=\"widget\" data-e-type=\"widget\" data-widget_type=\"spacer.default\">\n\t\t\t\t\t\t\t<div class=\"elementor-spacer\">\n\t\t\t<div class=\"elementor-spacer-inner\"><\/div>\n\t\t<\/div>\n\t\t\t\t\t\t<\/div>\n\t\t\t\t\t<\/div>\n\t\t\t\t<\/div>\n\t\t<div class=\"elementor-element elementor-element-335b615 e-con-full e-flex e-con e-parent\" data-id=\"335b615\" data-element_type=\"container\" data-e-type=\"container\" data-settings=\"{&quot;jet_parallax_layout_list&quot;:[]}\">\n\t\t\t\t<div class=\"elementor-element elementor-element-26c65e2 elementor-widget elementor-widget-html\" data-id=\"26c65e2\" data-element_type=\"widget\" data-e-type=\"widget\" data-widget_type=\"html.default\">\n\t\t\t\t\t<style>\n\n.pt-dynamic-wrapper a,\n.pt-content-wrapper a,\n.pt-content ul li a,\n.pt-content ol li a,\n.pt-content a {\n  color: #B40707 !important;\n  font-weight: 700 !important;\n  -webkit-text-fill-color: #B40707 !important;\n}\n.pt-wrapper{\n  width:100%;\n  display:flex;\n  justify-content:center;\n  padding:30px 10px;\n  font-family:Segoe UI, Arial, sans-serif;\n}\n\n.pt-grid{\n  display:grid;\n  grid-template-columns:repeat(3,1fr);\n  gap:22px;\n  max-width:1100px;\n  width:100%;\n}\n\n@media(max-width:900px){\n  .pt-grid{ grid-template-columns:repeat(2,1fr); }\n}\n@media(max-width:600px){\n  .pt-grid{ grid-template-columns:1fr; }\n}\n\n.pt-tab{\n  background:#ffffff;\n  color:#000000;\n  border:1px solid #B40707;\n  border-radius:16px;\n  padding:20px 18px;\n  text-align:center;\n  cursor:pointer;\n  transition:0.25s;\n  font-size:15px;\n  line-height:1.35;\n}\n\n.pt-tab:hover{\n  background:#B40707;\n  color:#ffffff;\n}\n\n.pt-tab.active{\n  background:#B40707;\n  color:#ffffff;\n}\n\n.pt-tab.first-tab{\n  grid-column:1 \/ -1;\n  max-width:360px;\n  margin:0 auto;\n}\n\n.pt-content-wrapper{\n  width:100%;\n  background:#f2f5f8;\n  padding:28px 32px;\n  border-radius:14px;\n  margin-top:12px;\n  grid-column:1 \/ -1;\n}\n\n.pt-content h4{\n  margin:18px 0 8px;\n  color:#2f5f8f;\n  font-size:16px;\n}\n\n.pt-content p{\n  font-size:14.5px;\n  line-height:1.75;\n  color:#444;\n}\n\n.pt-content a {\n  color: #c00000;\n  font-weight: bold;\n  text-decoration: none;\n}\n\n.pt-content a:hover {\n  text-decoration: underline;\n}\n.pt-content ul li a {\n  color:#B40707;\n  font-weight:bold;\n  text-decoration:underline;\n}\n<\/style>\n\n\n\n<div class=\"pt-wrapper\">\n  <div class=\"pt-grid\">\n\n    <div class=\"pt-tab first-tab\" data-tab=\"hyrje\">\n      Programi i Transparenc\u00ebs<br><small>Hyrje<\/small>\n    <\/div>\n\n    <div class=\"pt-tab\" data-tab=\"autoriteti\">Rreth autoritetit<\/div>\n    <div class=\"pt-tab\" data-tab=\"kuadri\">Kuadri ligjor rregullator <br> Tekstet e plota<\/div>\n    <div class=\"pt-tab\" data-tab=\"informim\">E drejta p\u00ebr t\u2019u informuar dhe p\u00ebr t\u2019u ankuar<\/div>\n\n    <div class=\"pt-tab\" data-tab=\"kontroll\">Mekanizmat kontrollues dhe monitorues q\u00eb veprojn\u00eb mbi AP<\/div>\n    <div class=\"pt-tab\" data-tab=\"buxheti\">Informacion mbi buxhetin dhe t\u00eb dh\u00ebnat financiare t\u00eb AP<\/div>\n    <div class=\"pt-tab\" data-tab=\"prokurim\">Informacion p\u00ebr procedurat e prokurimit\/procedurat konkurruese t\u00eb koncesionit\/partneritetit publik privat<\/div>\n\n    <div class=\"pt-tab\" data-tab=\"sherbime\">Sh\u00ebrbimet q\u00eb ofrohen nga AP<\/div>\n    <div class=\"pt-tab\" data-tab=\"procedura\">Procedurat\/mekanizmat p\u00ebr t\u00eb dh\u00ebn\u00eb mendime lidhur me procesin e hartimit t\u00eb akteve ligjore<\/div>\n    <div class=\"pt-tab\" data-tab=\"dokumente\">Sistemi i mbajtjes s\u00eb dokumentacionit<\/div>\n\n    <div class=\"pt-tab\" data-tab=\"regjistri\">Regjistri i k\u00ebrkesave dhe p\u00ebrgjigjeve<\/div>\n    <div class=\"pt-tab\" data-tab=\"ndihma\">Ndihma shoq\u00ebrore\/subvencione<\/div>\n    <div class=\"pt-tab\" data-tab=\"shpesh\">Informacione\/dokumente q\u00eb k\u00ebrkohen m\u00eb shpesh dhe ato q\u00eb gjykohen t\u00eb dobishme p\u00ebr publikm nga AP<\/div>\n\n  <\/div>\n<\/div>\n\n\n<div style=\"display:none\">\n\n  <div class=\"pt-content\" data-content=\"hyrje\">\n    <h4>Programi i Transparenc\u00ebs \u2013 Hyrje<\/h4>\n    <p>\n  Bazuar n\u00eb nenin 7 t\u00eb ligjit nr. 119\/2014 \u201cP\u00ebr t\u00eb drejt\u00ebn e informimit\u201d (n\u00eb vijim \u201cLDI\u201d),\nAutoriteti Publik (n\u00eb vijim \u201cAP\u201d) duhet t\u00eb publikoj\u00eb Programin e Transparenc\u00ebs (n\u00eb\nvijim \u201cPT\u201d) t\u00eb miratuar nga Komisioneri p\u00ebr t\u00eb Drejt\u00ebn e Informimit dhe Mbrojtjen e t\u00eb\nDh\u00ebnave Personale (n\u00eb vijim \u201cKomisioneri\u201d). AP duhet t\u00eb publikoj informacion sipas\nveprimtaris\u00eb s\u00eb tij funksionale si dhe t\u00eb rishikoj e p\u00ebrdit\u00ebsoj PT n\u00eb \u00e7do rast t\u00eb ndryshimit\nt\u00eb aktivitetit institucional, kuadrit ligjor rregullator apo \u00e7do elementi tjet\u00ebr q\u00eb ka lidhje\nme transparenc\u00ebn proaktive. N\u00eb PT jan\u00eb t\u00eb specifikuara kategorit\u00eb e informacionit t\u00eb\ndetyruesh\u00ebm p\u00ebr t\u2019u b\u00ebr\u00eb publik. Informacioni publik pa k\u00ebrkes\u00eb duhet t\u00eb jet\u00eb: i plot\u00eb, i\nsakt\u00eb, i p\u00ebrdit\u00ebsuar, i thjesht\u00eb n\u00eb konsultim, i kuptuesh\u00ebm, leht\u00ebsisht i aksesuesh\u00ebm dhe i\npajtuesh\u00ebm me dokumentet origjinale n\u00eb posedim t\u00eb A.P. Gjithashtu, p\u00ebrpara publikimit\nt\u00eb informacionit AP duhet t\u00eb vler\u00ebsoj\u00eb n\u00ebs\u00eb ka ndonj\u00eb kufizim ligjor p\u00ebr publikim. Aktet\nq\u00eb p\u00ebrmbajn\u00eb rregulla, norma apo kufizime t\u00eb t\u00eb drejtave dhe lirive themelore t\u00eb\nindividit, si dhe me efekt t\u00eb drejtp\u00ebrdrejt\u00eb p\u00ebr ta, b\u00ebhen publike me an\u00eb t\u00eb afishimit apo\npostimit n\u00eb faqen zyrtare t\u00eb internetit, brenda 48 or\u00ebve prej miratimit t\u00eb aktit nga AP. N\u00eb\nprogramin e transparenc\u00ebs jan\u00eb t\u00eb specifikuara kategorit\u00eb e informacionit t\u00eb detyruesh\u00ebm\np\u00ebr t\u2019u b\u00ebr\u00eb publik, m\u00ebnyra e publikimit, si dhe parashikimet ligjore prej t\u00eb cilave lind\ndetyrimi p\u00ebr publikim. N\u00eb publikimin e informacionit, AP duhet t\u00eb mbajn\u00eb parasysh\ninteresin e publikut si dhe t\u00eb mund\u00ebsojn\u00eb aksesimin leht\u00ebsisht n\u00eb informacionin publik.\n    <\/p>\n  <\/div>\n\n  <div class=\"pt-content\" data-content=\"autoriteti\">\n    <h4>Rreth autoritetit<\/h4>\n     <ul> \n     <li><a href=\"https:\/\/drtkshkoder.com\/wp-content\/uploads\/2026\/02\/Struktura-e-DRTK-Shkoder.pdf\" target=\"_blank\">Struktura Organizative\/Organigrama<\/a><br><\/li>\n     <li><a href=\"https:\/\/drtkshkoder.com\/rreth-autoritetit\/\">Struktura e pagave<\/a><br><\/li>\n\n      <li><a href=\"https:\/\/drtkshkoder.com\/cv-te-dhe-pagat-e-nenpunesve-qe-jane-subjekt-deklarimi-sipas-ligjit\/\" target=\"_blank\">CV-t\u00eb dhe pagat e n\u00ebnpun\u00ebsve q\u00eb jan\u00eb subjekt deklarimi sipas ligjit, p\u00ebrfshir\u00eb dhe an\u00ebtar\u00ebt e kabinetit t\u00eb titullarit t\u00eb AP, p\u00ebrshkrim t\u00eb procedur\u00ebs s\u00eb zgjedhjes, kompetencat dhe detyrat e tyre<\/a><\/li> \n      <li><a href=\"https:\/\/drtkshkoder.com\/wp-content\/uploads\/2026\/02\/Vendim-nr.581-28.8.2019.pdf\" target=\"_blank\">Funksionet dhe detyrat e AP<\/a><\/li> \n    <li><a href=\"https:\/\/drtkshkoder.com\/procedura-qe-ndjekin-funksionaret-e-larte-te-ap-per-te-marre-vendime\/\" target=\"_blank\">Procedura q\u00eb ndjekin funksionar\u00ebt e lart\u00eb t\u00eb AP p\u00ebr t\u00eb marr\u00eb vendime <\/a><br><\/li> \n      <li><a href=\"https:\/\/drtkshkoder.com\/procedurat-dhe-mekanizmat-per-te-bere-kerkese-dhe-ankese\/\" target=\"_blank\">Procedurat dhe mekanizmat p\u00ebr t\u00eb b\u00ebr\u00eb k\u00ebrkes\u00eb dhe ankes\u00eb q\u00eb lidhen me veprimet ose mosveprimet e AP ( P\u00ebrfshir\u00eb adres\u00ebn postare\/elektronike p\u00ebr depozitimin e k\u00ebrkesave dhe ankesave - Afatet dhe m\u00ebnyr\u00ebn e kthimit t\u00eb p\u00ebrgjigjeve) <\/a><br><\/li> \n      <\/ul>\n  <\/div>\n\n  <div class=\"pt-content\" data-content=\"kuadri\">\n    <h4>Kuadri ligjor rregullator<\/h4>\n    <p>\n     <ul>\n\n    <li>Legjislacion nd\u00ebrkomb\u00ebtar<\/li>\n\n    <li>\n      <a href=\"https:\/\/drtkshkoder.com\/wp-content\/uploads\/2026\/02\/Ligj-nr.27-date-17.05.2018.pdf\" target=\"_blank\">\n        Legjislacion komb\u00ebtar\n      <\/a>\n    <\/li>\n\n    <li>\n          <a href=\"https:\/\/drtkshkoder.com\/akte-nenligjore\/\" target=\"_blank\">\n       Akte n\u00ebnligjore\n      <\/a>\n    <\/li>\n\n    <li>\n      <a href=\"https:\/\/drtkshkoder.com\/wp-content\/uploads\/2026\/02\/Rregullorja-e-brendshme.pdf\" target=\"_blank\">Rregullore<\/a>\n    <\/li>\n\n    <li>\n      <a href=\"https:\/\/drtkshkoder.com\/wp-content\/uploads\/2026\/02\/Kodi-i-Etikes.pdf\" target=\"_blank\">\n        Kodi i sjelljes\n      <\/a>\n    <\/li>\n\n    <li>Akte q\u00eb p\u00ebrmbajn\u00eb rregulla<\/li>\n\n    <li>Strategji<\/li>\n\n    <li>Raport vjetor<\/li>\n\n    <li>\n      <a href=\"https:\/\/drtkshkoder.com\/wp-content\/uploads\/2026\/02\/Plani-i-Integritetit.pdf\" target=\"_blank\">\n        Plani i integritetit\n      <\/a>\n    <\/li>\n\n    <li>Manuale\/dokument politikash, q\u00eb ka lidhje me funksionet e AP dhe q\u00eb prek publikun<\/li>\n   <\/ul>\n    <\/p>\n  <\/div>\n\n  <div class=\"pt-content\" data-content=\"informim\">\n    <h4>E drejta p\u00ebr t\u2019u informuar dhe p\u00ebr t\u2019u ankuar<\/h4>\n    <p>\n Koordinatori \/ Emri Mbiemri: Samina Kraja\n  <br>\ne-mail: samina.kraja@drtkshkoder.gov.al\n<br>\nNr. i gjelb\u00ebr\n<br>\nTelefon\n<br>\nAdresa: Rruga \"Marin Be\u00e7ikemi\", Sheshi \"Gjon Pali II\", Shkod\u00ebr, 4001 \n<br>\nOrari: e h\u00ebn\u00eb - e enjte 08:00 - 16:30; e premte 08:00 - 14.00 \n<br>\n<a href=\"https:\/\/drtkshkoder.com\/wp-content\/uploads\/2026\/02\/Format-Kerkese-per-informacion.pdf\" target=\"_blank\"> Formular K\u00ebrkese<\/a>\n<br>\n<a href=\"https:\/\/drtkshkoder.com\/wp-content\/uploads\/2026\/02\/Format-Kerkese-per-informacion.pdf\" target=\"_blank\"> Formular Ankese<\/a>\n    <\/p>\n  <\/div>\n\n  <div class=\"pt-content\" data-content=\"kontroll\">\n    <h4>Mekanizmat kontrollues dhe moniturues q\u00eb veprojn\u00eb mbi AP<\/h4>\n        <ul>\n     <li>Rezolut\u00eb e Kuvendit t\u00eb Shqip\u00ebris\u00eb<br><\/li>\n      <li>Planet strategjike t\u00eb pun\u00ebs<br><\/li>\n      <li><a href=\"https:\/\/drtkshkoder.com\/raporte-monitorimi\/\" target=\"_blank\">Raporte monitorimi\/auditimi (p.sh:KLSH)<\/a><\/li>\n      <li>Dokumente t\u00eb tjera<\/li>\n      <\/ul>\n  <\/div>\n\n  <div class=\"pt-content\" data-content=\"buxheti\">\n    <h4>Informacion mbi buxhetin dhe t\u00eb dh\u00ebnat financiare t\u00eb AP<\/h4>\n    <ul> \n     <li><a href=\"https:\/\/drtkshkoder.com\/buxheti-dhe-plani-i-shpenzimeve\/\" target=\"_blank\">Buxheti, plani i shpenzimeve p\u00ebr vitin financiar n\u00eb vijim dhe vitet e kaluara<\/a><br><\/li>\n      <li><a href=\"https:\/\/drtkshkoder.com\/raport-vjetor\/\" target=\"_blank\">Raport vjetor p\u00ebr zbatimin e buxhetit dhe anekset<\/a><br><\/li>\n      <li>Donacione, sponsorizime<\/li>\n      <li>Dokumente q\u00eb tregojn\u00eb gjendjen e shlyerjes s\u00eb detyrimeve nga subjektet e licencuara<\/li>\n      <\/ul>\n  <\/div>\n\n  <div class=\"pt-content\" data-content=\"prokurim\">\n    <h4>Informacion p\u00ebr procedurat e prokurimit\/procedurat konkurruese t\u00eb koncesionit\/partneritetit publik privat<\/h4>\n    <ul> \n     <li><a href=\"https:\/\/drtkshkoder.com\/wp-content\/uploads\/2026\/02\/Lista-e-kontratave-te-lidhura-per-2025-te-DRTK-Shkoder.xlsx\" target=\"_blank\">Lista e kontratave t\u00eb lidhura (p\u00ebrfshir\u00eb shum\u00ebn e kontraktuar, pal\u00ebt kontraktuese dhe p\u00ebrshkrimin e sh\u00ebrbimeve)<\/a><br><\/li>\n      <li><a href=\"https:\/\/drtkshkoder.com\/regjistri-i-parashikimeve\/\" target=\"_blank\">Regjistri i parashikimeve t\u00eb prokurimit publik<\/a><br><\/li>\n      <li><a href=\"https:\/\/drtkshkoder.com\/regjistri-i-realizimeve\/\" target=\"_blank\">Regjistri i realizimeve t\u00eb prokurimit publik<\/a><\/li>\n      <li><a href=\"\" target=\"_blank\">Informacion mbi zbatimin dhe monitorimin e kontratave, si dhe udh\u00ebzues e politika t\u00eb ndryshme<\/a><\/li>\n      <\/ul>\n  <\/div>\n\n  <div class=\"pt-content\" data-content=\"sherbime\">\n    <h4>Sh\u00ebrbimet q\u00eb ofrohen nga AP<\/h4>\n    <ul>\n    <li>Lista e sh\u00ebrbimeve<br><\/li><\/ul>\n  <\/div>\n\n  <div class=\"pt-content\" data-content=\"procedura\">\n    <h4>Procedurat\/mekanizmat p\u00ebr t\u00eb dh\u00ebn\u00eb mendime lidhur me procesin e hartimit t\u00eb akteve ligjore<\/h4>\n    <ul>\n    <li>Njoftimi dhe konsultimi publik<br><\/li>\n    <li>Komente\/Rekomandime\/Opinione t\u00eb pal\u00ebve t\u00eb interesuara\/grupe interesi<br><\/li>\n    <li>Shqyrtimi i komenteve dhe rekomandimeve<br><\/li>\n    <li>Raportet vjetore p\u00ebr transparenc\u00ebn n\u00eb procesin e vendimmarrjes<br><\/li>\n    <li>Procedura\/mekanizma p\u00ebr t\u00eb dh\u00ebn\u00eb mendime lidhur me hartimin e politikave publike apo ushtrimin e funksioneve t\u00eb AP<br><\/li>\n    <li>Em\u00ebr mbiem\u00ebr t\u00eb koordinatorit p\u00ebr konsultimin publik, adres\u00eb postare\/elektronike<br><\/li>\n    <\/ul>\n  <\/div>\n\n  <div class=\"pt-content\" data-content=\"dokumente\">\n    <h4>Sistemi i mbajtjes s\u00eb dokumentacionit<\/h4>\n    <ul>\n   <li><a href=\"https:\/\/drtkshkoder.com\/wp-content\/uploads\/2026\/02\/Lista-me-afate-ruajtje.docx\" target=\"_blank\">Lista e dokumenteve q\u00eb administrohen nga AP me afatet e ruajtjes<\/a><br><\/li>\n   <li><a href=\"https:\/\/drtkshkoder.com\/wp-content\/uploads\/2026\/02\/Forma-e-dokumenteve.docx\" target=\"_blank\">Form\u00ebn e dokumenteve\/informacioneve (elektronik, kopje fizike, audio, video, foto)<\/a><br><\/li>\n <\/ul>\n  <\/div>\n\n  <div class=\"pt-content\" data-content=\"regjistri\">\n    <h4>Regjistri i k\u00ebrkesave dhe p\u00ebrgjigjeve<\/h4>\n     <li><a href=\"https:\/\/drtkshkoder.com\/regjistri-i-kerkesave-dhe-pergjigjeve\/\" target=\"_blank\">Regjistri i K\u00ebrkesave dhe p\u00ebrgjigjeve i p\u00ebrdit\u00ebsuar (sipas Modelit t\u00eb Regjistrit t\u00eb miratuar nga Komisioneri)<\/a><br><\/li>\n    <p><\/p>\n  <\/div>\n\n  <div class=\"pt-content\" data-content=\"ndihma\">\n    <h4>Ndihma shoq\u00ebrore\/subvencione<\/h4>\n    <ul>\n     <li><a href=\"https:\/\/drtkshkoder.com\/ndihma-shoqerore-subvencione-te-dhena-nga-ap\/\" target=\"_blank\">Ndihma shoq\u00ebrore\/subvencioneve t\u00eb dh\u00ebna nga AP<\/a><br><\/li>\n      <li><a href=\"https:\/\/drtkshkoder.com\/ndihma-shoqerore-subvencione-te-dhena-nga-ap\/\" target=\"_blank\">Kategorit\u00eb dhe format e ndihm\u00ebs shoq\u00ebrore\/subvencioneve<\/a><br><\/li>\n       <li><a href=\"https:\/\/drtkshkoder.com\/ndihma-shoqerore-subvencione-te-dhena-nga-ap\/\" target=\"_blank\">Procedura p\u00ebr t\u00eb p\u00ebrfituar ndihm\u00ebn shoq\u00ebrore\/subvencionet dhe dokumentacioni p\u00ebrkat\u00ebs p\u00ebr aplikim<\/a><br><\/li>\n<li><a href=\"https:\/\/drtkshkoder.com\/ndihma-shoqerore-subvencione-te-dhena-nga-ap\/\" target=\"_blank\">Procedura e ankimimit<\/a><br><\/li>\n \n    \n    <\/ul>\n    <p><\/p>\n  <\/div>\n  <div class=\"pt-content\" data-content=\"shpesh\">\n    <h4>Informacione\/dokumente q\u00eb k\u00ebrkohen m\u00eb shpesh dhe ato q\u00eb gjykohen t\u00eb dobishme p\u00ebr publikm nga AP<\/h4>\n    <ul> \n     <li><a href=\"https:\/\/drtkshkoder.com\/njoftimet\/\" target=\"_blank\">Njoftime t\u00eb ndryshme<\/a><br><\/li>\n      <li>Njoftime p\u00ebr procedurat e rekrutimit\/pranimit n\u00eb sh\u00ebrbim civil<br><\/li>\n      <li><a href=\"https:\/\/drtkshkoder.com\/raporte\/\" target=\"_blank\">Raporte<\/a><\/li>\n      <li>Publikime<\/li>\n      <li><a href=\"https:\/\/drtkshkoder.com\/statistika\/\" target=\"_blank\">Statistika<\/a><\/li>\n      <li>Projekte<\/li>\n      <li>Bashk\u00ebpunime<\/li>\n      <\/ul>\n    <p><\/p>\n  <\/div>\n\n<\/div>\n\n\n<script>\nfunction getTabsInSameRow(clickedTab) {\n  const tabs = [...document.querySelectorAll('.pt-grid .pt-tab')];\n  const clickedTop = clickedTab.getBoundingClientRect().top;\n\n  return tabs.filter(t =>\n    Math.abs(t.getBoundingClientRect().top - clickedTop) < 5\n  );\n}\n\ndocument.querySelectorAll(\".pt-tab\").forEach(tab=>{\n  tab.onclick = () => {\n\n    const alreadyActive = tab.classList.contains(\"active\");\n    const wrapper = document.querySelector(\".pt-dynamic-wrapper\");\n\n    if(alreadyActive){\n      tab.classList.remove(\"active\");\n      if(wrapper) wrapper.remove();\n      return;\n    }\n\n    document.querySelectorAll(\".pt-tab\").forEach(t=>t.classList.remove(\"active\"));\n    tab.classList.add(\"active\");\n\n    const key = tab.dataset.tab;\n    const content = document.querySelector(`.pt-content[data-content=\"${key}\"]`);\n\n    let box = document.querySelector(\".pt-dynamic-wrapper\");\n    if(!box){\n      box = document.createElement(\"div\");\n      box.className = \"pt-dynamic-wrapper pt-content-wrapper\";\n    }\n\n    box.innerHTML = content.innerHTML;\n    \n\n    const rowTabs = getTabsInSameRow(tab);\n    const lastInRow = rowTabs[rowTabs.length - 1];\n\n    lastInRow.insertAdjacentElement(\"afterend\", box);\n\n    setTimeout(()=>{\n      box.scrollIntoView({behavior:\"smooth\", block:\"start\"});\n    },100);\n  };\n});\n<\/script>\n\t\t\t\t<\/div>\n\t\t\t\t<\/div>\n\t\t\t\t<\/div>\n\t\t","protected":false},"excerpt":{"rendered":"<p>PROGRAMI I TRANSPARENC\u00cbS I AUTORITETEVE PUBLIKE Programi i Transparenc\u00ebsHyrje Rreth autoritetit Kuadri ligjor rregullator Tekstet e plota E drejta p\u00ebr t\u2019u informuar dhe p\u00ebr t\u2019u ankuar Mekanizmat kontrollues dhe monitorues q\u00eb veprojn\u00eb mbi AP Informacion mbi buxhetin dhe t\u00eb dh\u00ebnat financiare t\u00eb AP Informacion p\u00ebr procedurat e prokurimit\/procedurat konkurruese t\u00eb koncesionit\/partneritetit publik privat Sh\u00ebrbimet q\u00eb [&hellip;]<\/p>\n","protected":false},"author":1,"featured_media":0,"parent":0,"menu_order":0,"comment_status":"closed","ping_status":"closed","template":"elementor_header_footer","meta":{"footnotes":""},"class_list":["post-14","page","type-page","status-publish","hentry"],"_links":{"self":[{"href":"https:\/\/drtkshkoder.com\/en\/wp-json\/wp\/v2\/pages\/14","targetHints":{"allow":["GET"]}}],"collection":[{"href":"https:\/\/drtkshkoder.com\/en\/wp-json\/wp\/v2\/pages"}],"about":[{"href":"https:\/\/drtkshkoder.com\/en\/wp-json\/wp\/v2\/types\/page"}],"author":[{"embeddable":true,"href":"https:\/\/drtkshkoder.com\/en\/wp-json\/wp\/v2\/users\/1"}],"replies":[{"embeddable":true,"href":"https:\/\/drtkshkoder.com\/en\/wp-json\/wp\/v2\/comments?post=14"}],"version-history":[{"count":198,"href":"https:\/\/drtkshkoder.com\/en\/wp-json\/wp\/v2\/pages\/14\/revisions"}],"predecessor-version":[{"id":4812,"href":"https:\/\/drtkshkoder.com\/en\/wp-json\/wp\/v2\/pages\/14\/revisions\/4812"}],"wp:attachment":[{"href":"https:\/\/drtkshkoder.com\/en\/wp-json\/wp\/v2\/media?parent=14"}],"curies":[{"name":"wp","href":"https:\/\/api.w.org\/{rel}","templated":true}]}}