{"id":16,"date":"2019-08-06T09:54:08","date_gmt":"2019-08-06T09:54:08","guid":{"rendered":"https:\/\/ld-wp73.template-help.com\/wordpress\/prod_4439\/v4\/?page_id=16"},"modified":"2026-01-28T13:38:16","modified_gmt":"2026-01-28T13:38:16","slug":"fokusi-yne","status":"publish","type":"page","link":"https:\/\/drtkshkoder.com\/en\/fokusi-yne\/","title":{"rendered":"Fokusi yne"},"content":{"rendered":"\t\t<div data-elementor-type=\"wp-post\" data-elementor-id=\"16\" class=\"elementor elementor-16\">\n\t\t\t\t\t\t<section class=\"elementor-section elementor-top-section elementor-element elementor-element-8144dff elementor-section-boxed elementor-section-height-default elementor-section-height-default\" data-id=\"8144dff\" data-element_type=\"section\" data-e-type=\"section\" data-settings=\"{&quot;jet_parallax_layout_list&quot;:[{&quot;jet_parallax_layout_image&quot;:{&quot;url&quot;:&quot;&quot;,&quot;id&quot;:&quot;&quot;,&quot;size&quot;:&quot;&quot;},&quot;_id&quot;:&quot;1ecb4b0&quot;,&quot;jet_parallax_layout_image_tablet&quot;:{&quot;url&quot;:&quot;&quot;,&quot;id&quot;:&quot;&quot;,&quot;size&quot;:&quot;&quot;},&quot;jet_parallax_layout_image_mobile&quot;:{&quot;url&quot;:&quot;&quot;,&quot;id&quot;:&quot;&quot;,&quot;size&quot;:&quot;&quot;},&quot;jet_parallax_layout_speed&quot;:{&quot;unit&quot;:&quot;%&quot;,&quot;size&quot;:50,&quot;sizes&quot;:[]},&quot;jet_parallax_layout_type&quot;:&quot;scroll&quot;,&quot;jet_parallax_layout_direction&quot;:&quot;1&quot;,&quot;jet_parallax_layout_fx_direction&quot;:null,&quot;jet_parallax_layout_z_index&quot;:&quot;&quot;,&quot;jet_parallax_layout_bg_x&quot;:50,&quot;jet_parallax_layout_bg_x_tablet&quot;:&quot;&quot;,&quot;jet_parallax_layout_bg_x_mobile&quot;:&quot;&quot;,&quot;jet_parallax_layout_bg_y&quot;:50,&quot;jet_parallax_layout_bg_y_tablet&quot;:&quot;&quot;,&quot;jet_parallax_layout_bg_y_mobile&quot;:&quot;&quot;,&quot;jet_parallax_layout_bg_size&quot;:&quot;auto&quot;,&quot;jet_parallax_layout_bg_size_tablet&quot;:&quot;&quot;,&quot;jet_parallax_layout_bg_size_mobile&quot;:&quot;&quot;,&quot;jet_parallax_layout_animation_prop&quot;:&quot;transform&quot;,&quot;jet_parallax_layout_on&quot;:[&quot;desktop&quot;,&quot;tablet&quot;]}],&quot;background_background&quot;:&quot;classic&quot;}\">\n\t\t\t\t\t\t<div class=\"elementor-container elementor-column-gap-default\">\n\t\t\t\t\t<div class=\"elementor-column elementor-col-100 elementor-top-column elementor-element elementor-element-696f90f\" data-id=\"696f90f\" data-element_type=\"column\" data-e-type=\"column\">\n\t\t\t<div class=\"elementor-widget-wrap elementor-element-populated\">\n\t\t\t\t\t\t<div class=\"elementor-element elementor-element-634a9b1 elementor-widget-divider--view-line elementor-widget elementor-widget-divider\" data-id=\"634a9b1\" data-element_type=\"widget\" data-e-type=\"widget\" data-widget_type=\"divider.default\">\n\t\t\t\t\t\t\t<div class=\"elementor-divider\">\n\t\t\t<span class=\"elementor-divider-separator\">\n\t\t\t\t\t\t<\/span>\n\t\t<\/div>\n\t\t\t\t\t\t<\/div>\n\t\t\t\t<div class=\"elementor-element elementor-element-7ce8c8e elementor-widget elementor-widget-heading\" data-id=\"7ce8c8e\" data-element_type=\"widget\" data-e-type=\"widget\" data-widget_type=\"heading.default\">\n\t\t\t\t\t<h1 class=\"elementor-heading-title elementor-size-default\">Fokusi Yn\u00eb<\/h1>\t\t\t\t<\/div>\n\t\t\t\t\t<\/div>\n\t\t<\/div>\n\t\t\t\t\t<\/div>\n\t\t<\/section>\n\t\t\t\t<section class=\"elementor-section elementor-top-section elementor-element elementor-element-bab5bdf elementor-section-boxed elementor-section-height-default elementor-section-height-default\" data-id=\"bab5bdf\" data-element_type=\"section\" data-e-type=\"section\" data-settings=\"{&quot;jet_parallax_layout_list&quot;:[]}\">\n\t\t\t\t\t\t<div class=\"elementor-container elementor-column-gap-no\">\n\t\t\t\t\t<div class=\"elementor-column elementor-col-100 elementor-top-column elementor-element elementor-element-42498b9\" data-id=\"42498b9\" data-element_type=\"column\" data-e-type=\"column\">\n\t\t\t<div class=\"elementor-widget-wrap elementor-element-populated\">\n\t\t\t\t\t\t<div class=\"elementor-element elementor-element-837d508 elementor-widget__width-initial elementor-widget elementor-widget-jet-services\" data-id=\"837d508\" data-element_type=\"widget\" data-e-type=\"widget\" data-widget_type=\"jet-services.default\">\n\t\t\t\t<div class=\"elementor-widget-container\">\n\t\t\t\t\t<div class=\"elementor-jet-services jet-elements\"><div class=\"jet-services jet-services--header-position-top\">\n\t<div class=\"jet-services__inner\">\n\t\t\t\t<div class=\"jet-services__header\">\n\t\t\t<div class=\"jet-services__cover\"><\/div>\n\t\t<\/div>\n\t\t<div class=\"jet-services__content\"><h2 class=\"jet-services__title\"><span class=\"jet-services__title-text\">Commercial<\/span><\/h2><p class=\"jet-services__desc\">It\u2019s probably the most diverse category of construction to work in. But we\u2019ve got experience of building both small shopping malls and 50-stories high-rises! Doing\u2026<\/p><a class=\"elementor-button elementor-size-md jet-services__button jet-services__button--icon-\" href=\"https:\/\/beharpuka.com\/drtkshkoder\/projektet\/zonat-arkeologjike\/\"><span class=\"jet-services__button-text\">VIEW PROJECTS<\/span><\/a><\/div>\n\t\t\t<\/div>\n<\/div>\n<\/div>\t\t\t\t<\/div>\n\t\t\t\t<\/div>\n\t\t\t\t<div class=\"elementor-element elementor-element-b4749ab elementor-widget__width-initial elementor-widget elementor-widget-jet-services\" data-id=\"b4749ab\" data-element_type=\"widget\" data-e-type=\"widget\" data-widget_type=\"jet-services.default\">\n\t\t\t\t<div class=\"elementor-widget-container\">\n\t\t\t\t\t<div class=\"elementor-jet-services jet-elements\"><div class=\"jet-services jet-services--header-position-top\">\n\t<div class=\"jet-services__inner\">\n\t\t\t\t<div class=\"jet-services__header\">\n\t\t\t<div class=\"jet-services__cover\"><\/div>\n\t\t<\/div>\n\t\t<div class=\"jet-services__content\"><h2 class=\"jet-services__title\"><span class=\"jet-services__title-text\">CULTURAL \/ LIFESTYLE<\/span><\/h2><p class=\"jet-services__desc\">Working on a socially important building, such as a park involves additional landscape construction expertise. Thankfully, we\u2019ve got it and we aren\u2019t afraid to apply\u2026<\/p><a class=\"elementor-button elementor-size-md jet-services__button jet-services__button--icon-\" href=\"https:\/\/beharpuka.com\/drtkshkoder\/projektet\/peizazhe-objekte\/\"><span class=\"jet-services__button-text\">VIEW PROJECTS<\/span><\/a><\/div>\n\t\t\t<\/div>\n<\/div>\n<\/div>\t\t\t\t<\/div>\n\t\t\t\t<\/div>\n\t\t\t\t<div class=\"elementor-element elementor-element-10bb7ad elementor-widget__width-initial elementor-widget elementor-widget-jet-services\" data-id=\"10bb7ad\" data-element_type=\"widget\" data-e-type=\"widget\" data-widget_type=\"jet-services.default\">\n\t\t\t\t<div class=\"elementor-widget-container\">\n\t\t\t\t\t<div class=\"elementor-jet-services jet-elements\"><div class=\"jet-services jet-services--header-position-top\">\n\t<div class=\"jet-services__inner\">\n\t\t\t\t<div class=\"jet-services__header\">\n\t\t\t<div class=\"jet-services__cover\"><\/div>\n\t\t<\/div>\n\t\t<div class=\"jet-services__content\"><h2 class=\"jet-services__title\"><span class=\"jet-services__title-text\">DATA \/ TECHNOLOGY<\/span><\/h2><p class=\"jet-services__desc\">While building a head quarters building for an IT company is relatively easy, we\u2019ve also got our hands at constructing more challenging types of IT\u2026<\/p><a class=\"elementor-button elementor-size-md jet-services__button jet-services__button--icon-\" href=\"https:\/\/beharpuka.com\/drtkshkoder\/projektet\/keshtjella-fortifikime\/\"><span class=\"jet-services__button-text\">VIEW PROJECTS<\/span><\/a><\/div>\n\t\t\t<\/div>\n<\/div>\n<\/div>\t\t\t\t<\/div>\n\t\t\t\t<\/div>\n\t\t\t\t<div class=\"elementor-element elementor-element-800162d elementor-widget__width-initial elementor-widget elementor-widget-jet-services\" data-id=\"800162d\" data-element_type=\"widget\" data-e-type=\"widget\" data-widget_type=\"jet-services.default\">\n\t\t\t\t<div class=\"elementor-widget-container\">\n\t\t\t\t\t<div class=\"elementor-jet-services jet-elements\"><div class=\"jet-services jet-services--header-position-top\">\n\t<div class=\"jet-services__inner\">\n\t\t\t\t<div class=\"jet-services__header\">\n\t\t\t<div class=\"jet-services__cover\"><\/div>\n\t\t<\/div>\n\t\t<div class=\"jet-services__content\"><h2 class=\"jet-services__title\"><span class=\"jet-services__title-text\">EDUCATIONAL<\/span><\/h2><p class=\"jet-services__desc\">Educational institutions can be much more creative, than your regular school or a college campus! Entrust us with building it and it will be mesmerizing!\u2026<\/p><a class=\"elementor-button elementor-size-md jet-services__button jet-services__button--icon-\" href=\"https:\/\/beharpuka.com\/drtkshkoder\/projektet\/muzeume-qendrakulturore\/\"><span class=\"jet-services__button-text\">VIEW PROJECTS<\/span><\/a><\/div>\n\t\t\t<\/div>\n<\/div>\n<\/div>\t\t\t\t<\/div>\n\t\t\t\t<\/div>\n\t\t\t\t<div class=\"elementor-element elementor-element-19bc64c elementor-widget__width-initial elementor-widget elementor-widget-jet-services\" data-id=\"19bc64c\" data-element_type=\"widget\" data-e-type=\"widget\" data-widget_type=\"jet-services.default\">\n\t\t\t\t<div class=\"elementor-widget-container\">\n\t\t\t\t\t<div class=\"elementor-jet-services jet-elements\"><div class=\"jet-services jet-services--header-position-top\">\n\t<div class=\"jet-services__inner\">\n\t\t\t\t<div class=\"jet-services__header\">\n\t\t\t<div class=\"jet-services__cover\"><\/div>\n\t\t<\/div>\n\t\t<div class=\"jet-services__content\"><h2 class=\"jet-services__title\"><span class=\"jet-services__title-text\">GOVERNMENT \/ MILITARY<\/span><\/h2><p class=\"jet-services__desc\">The US military and States governments used our expertise and manpower to build numerous military-grade, cost-efficient and usage-practical buildings, all over the US and overseas\u2026\u2026<\/p><a class=\"elementor-button elementor-size-md jet-services__button jet-services__button--icon-\" href=\"https:\/\/beharpuka.com\/drtkshkoder\/projektet\/monumente-2\/\"><span class=\"jet-services__button-text\">VIEW PROJECTS<\/span><\/a><\/div>\n\t\t\t<\/div>\n<\/div>\n<\/div>\t\t\t\t<\/div>\n\t\t\t\t<\/div>\n\t\t\t\t<div class=\"elementor-element elementor-element-36768ca elementor-widget__width-initial elementor-widget elementor-widget-jet-services\" data-id=\"36768ca\" data-element_type=\"widget\" data-e-type=\"widget\" data-widget_type=\"jet-services.default\">\n\t\t\t\t<div class=\"elementor-widget-container\">\n\t\t\t\t\t<div class=\"elementor-jet-services jet-elements\"><div class=\"jet-services jet-services--header-position-top\">\n\t<div class=\"jet-services__inner\">\n\t\t\t\t<div class=\"jet-services__header\">\n\t\t\t<div class=\"jet-services__cover\"><\/div>\n\t\t<\/div>\n\t\t<div class=\"jet-services__content\"><h2 class=\"jet-services__title\"><span class=\"jet-services__title-text\">HEALTHCARE<\/span><\/h2><p class=\"jet-services__desc\">We can build any healthcare type of building. From a small private medical clinic to a full-fetched, new county hospital! Doing a construction in an\u2026<\/p><a class=\"elementor-button elementor-size-md jet-services__button jet-services__button--icon-\" href=\"https:\/\/beharpuka.com\/drtkshkoder\/home\/restaurime\/\"><span class=\"jet-services__button-text\">VIEW PROJECTS<\/span><\/a><\/div>\n\t\t\t<\/div>\n<\/div>\n<\/div>\t\t\t\t<\/div>\n\t\t\t\t<\/div>\n\t\t\t\t<div class=\"elementor-element elementor-element-0649ae8 elementor-widget__width-initial elementor-widget elementor-widget-jet-services\" data-id=\"0649ae8\" data-element_type=\"widget\" data-e-type=\"widget\" data-widget_type=\"jet-services.default\">\n\t\t\t\t<div class=\"elementor-widget-container\">\n\t\t\t\t\t<div class=\"elementor-jet-services jet-elements\"><div class=\"jet-services jet-services--header-position-top\">\n\t<div class=\"jet-services__inner\">\n\t\t\t\t<div class=\"jet-services__header\">\n\t\t\t<div class=\"jet-services__cover\"><\/div>\n\t\t<\/div>\n\t\t<div class=\"jet-services__content\"><h2 class=\"jet-services__title\"><span class=\"jet-services__title-text\">MANUFACTURING \/ INDUSTRIAL<\/span><\/h2><p class=\"jet-services__desc\">Building a manufacturing facility or a factory house can be much more challenging, than building a cottage house. Trust us in such a complex task!\u2026<\/p><a class=\"elementor-button elementor-size-md jet-services__button jet-services__button--icon-\" href=\"https:\/\/ld-wp73.template-help.com\/wordpress\/prod_4439\/v4\/projects\/cultural-lifestyle\/\"><span class=\"jet-services__button-text\">VIEW PROJECTS<\/span><\/a><\/div>\n\t\t\t<\/div>\n<\/div>\n<\/div>\t\t\t\t<\/div>\n\t\t\t\t<\/div>\n\t\t\t\t<div class=\"elementor-element elementor-element-cfe4b89 elementor-widget__width-initial elementor-widget elementor-widget-jet-services\" data-id=\"cfe4b89\" data-element_type=\"widget\" data-e-type=\"widget\" data-widget_type=\"jet-services.default\">\n\t\t\t\t<div class=\"elementor-widget-container\">\n\t\t\t\t\t<div class=\"elementor-jet-services jet-elements\"><div class=\"jet-services jet-services--header-position-top\">\n\t<div class=\"jet-services__inner\">\n\t\t\t\t<div class=\"jet-services__header\">\n\t\t\t<div class=\"jet-services__cover\"><\/div>\n\t\t<\/div>\n\t\t<div class=\"jet-services__content\"><h2 class=\"jet-services__title\"><span class=\"jet-services__title-text\">WAREHOUSE \/ LOGISTICS<\/span><\/h2><p class=\"jet-services__desc\">While building a warehouse for an e-store is no easy feat itself, think about building it for Amazon or Google! We\u2019ve already done that, so\u2026<\/p><a class=\"elementor-button elementor-size-md jet-services__button jet-services__button--icon-\" href=\"https:\/\/ld-wp73.template-help.com\/wordpress\/prod_4439\/v4\/projects\/cultural-lifestyle\/\"><span class=\"jet-services__button-text\">VIEW PROJECTS<\/span><\/a><\/div>\n\t\t\t<\/div>\n<\/div>\n<\/div>\t\t\t\t<\/div>\n\t\t\t\t<\/div>\n\t\t\t\t\t<\/div>\n\t\t<\/div>\n\t\t\t\t\t<\/div>\n\t\t<\/section>\n\t\t\t\t<section class=\"elementor-section elementor-top-section elementor-element elementor-element-39e82d9 elementor-section-boxed elementor-section-height-default elementor-section-height-default\" data-id=\"39e82d9\" data-element_type=\"section\" data-e-type=\"section\" data-settings=\"{&quot;jet_parallax_layout_list&quot;:[{&quot;jet_parallax_layout_image&quot;:{&quot;url&quot;:&quot;&quot;,&quot;id&quot;:&quot;&quot;,&quot;size&quot;:&quot;&quot;},&quot;_id&quot;:&quot;79c04e5&quot;,&quot;jet_parallax_layout_image_tablet&quot;:{&quot;url&quot;:&quot;&quot;,&quot;id&quot;:&quot;&quot;,&quot;size&quot;:&quot;&quot;},&quot;jet_parallax_layout_image_mobile&quot;:{&quot;url&quot;:&quot;&quot;,&quot;id&quot;:&quot;&quot;,&quot;size&quot;:&quot;&quot;},&quot;jet_parallax_layout_speed&quot;:{&quot;unit&quot;:&quot;%&quot;,&quot;size&quot;:50,&quot;sizes&quot;:[]},&quot;jet_parallax_layout_type&quot;:&quot;scroll&quot;,&quot;jet_parallax_layout_direction&quot;:&quot;1&quot;,&quot;jet_parallax_layout_fx_direction&quot;:null,&quot;jet_parallax_layout_z_index&quot;:&quot;&quot;,&quot;jet_parallax_layout_bg_x&quot;:50,&quot;jet_parallax_layout_bg_x_tablet&quot;:&quot;&quot;,&quot;jet_parallax_layout_bg_x_mobile&quot;:&quot;&quot;,&quot;jet_parallax_layout_bg_y&quot;:50,&quot;jet_parallax_layout_bg_y_tablet&quot;:&quot;&quot;,&quot;jet_parallax_layout_bg_y_mobile&quot;:&quot;&quot;,&quot;jet_parallax_layout_bg_size&quot;:&quot;auto&quot;,&quot;jet_parallax_layout_bg_size_tablet&quot;:&quot;&quot;,&quot;jet_parallax_layout_bg_size_mobile&quot;:&quot;&quot;,&quot;jet_parallax_layout_animation_prop&quot;:&quot;transform&quot;,&quot;jet_parallax_layout_on&quot;:[&quot;desktop&quot;,&quot;tablet&quot;]}],&quot;background_background&quot;:&quot;gradient&quot;}\">\n\t\t\t\t\t\t<div class=\"elementor-container elementor-column-gap-default\">\n\t\t\t\t\t<div class=\"elementor-column elementor-col-100 elementor-top-column elementor-element elementor-element-6a4dd2a\" data-id=\"6a4dd2a\" data-element_type=\"column\" data-e-type=\"column\">\n\t\t\t<div class=\"elementor-widget-wrap elementor-element-populated\">\n\t\t\t\t\t\t<div class=\"elementor-element elementor-element-d30068c elementor-widget-divider--view-line elementor-widget elementor-widget-divider\" data-id=\"d30068c\" data-element_type=\"widget\" data-e-type=\"widget\" data-widget_type=\"divider.default\">\n\t\t\t\t\t\t\t<div class=\"elementor-divider\">\n\t\t\t<span class=\"elementor-divider-separator\">\n\t\t\t\t\t\t<\/span>\n\t\t<\/div>\n\t\t\t\t\t\t<\/div>\n\t\t\t\t<div class=\"elementor-element elementor-element-543d28d elementor-widget elementor-widget-heading\" data-id=\"543d28d\" data-element_type=\"widget\" data-e-type=\"widget\" data-widget_type=\"heading.default\">\n\t\t\t\t\t<span class=\"elementor-heading-title elementor-size-default\">Bashk\u00ebpunojm\u00eb p\u00ebr t\u00eb mbrojtur dhe promovuar trash\u00ebgimin\u00eb kulturore t\u00eb Shkodr\u00ebs.<\/span>\t\t\t\t<\/div>\n\t\t\t\t<div class=\"elementor-element elementor-element-80ad921 elementor-align-center elementor-widget elementor-widget-button\" data-id=\"80ad921\" data-element_type=\"widget\" data-e-type=\"widget\" data-widget_type=\"button.default\">\n\t\t\t\t\t\t\t\t\t\t<a class=\"elementor-button elementor-button-link elementor-size-sm\" href=\"https:\/\/beharpuka.com\/drtkshkoder\/kontaktet\/\">\n\t\t\t\t\t\t<span class=\"elementor-button-content-wrapper\">\n\t\t\t\t\t\t\t\t\t<span class=\"elementor-button-text\">NA KONTAKTONI<\/span>\n\t\t\t\t\t<\/span>\n\t\t\t\t\t<\/a>\n\t\t\t\t\t\t\t\t<\/div>\n\t\t\t\t\t<\/div>\n\t\t<\/div>\n\t\t\t\t\t<\/div>\n\t\t<\/section>\n\t\t\t\t<\/div>\n\t\t","protected":false},"excerpt":{"rendered":"<p>Fokusi Yn\u00eb Commercial It\u2019s probably the most diverse category of construction to work in. But we\u2019ve got experience of building both small shopping malls and 50-stories high-rises! Doing\u2026 VIEW PROJECTS CULTURAL \/ LIFESTYLE Working on a socially important building, such as a park involves additional landscape construction expertise. Thankfully, we\u2019ve got it and we aren\u2019t [&hellip;]<\/p>\n","protected":false},"author":1,"featured_media":0,"parent":0,"menu_order":0,"comment_status":"closed","ping_status":"closed","template":"elementor_header_footer","meta":{"footnotes":""},"class_list":["post-16","page","type-page","status-publish","hentry"],"_links":{"self":[{"href":"https:\/\/drtkshkoder.com\/en\/wp-json\/wp\/v2\/pages\/16","targetHints":{"allow":["GET"]}}],"collection":[{"href":"https:\/\/drtkshkoder.com\/en\/wp-json\/wp\/v2\/pages"}],"about":[{"href":"https:\/\/drtkshkoder.com\/en\/wp-json\/wp\/v2\/types\/page"}],"author":[{"embeddable":true,"href":"https:\/\/drtkshkoder.com\/en\/wp-json\/wp\/v2\/users\/1"}],"replies":[{"embeddable":true,"href":"https:\/\/drtkshkoder.com\/en\/wp-json\/wp\/v2\/comments?post=16"}],"version-history":[{"count":18,"href":"https:\/\/drtkshkoder.com\/en\/wp-json\/wp\/v2\/pages\/16\/revisions"}],"predecessor-version":[{"id":4053,"href":"https:\/\/drtkshkoder.com\/en\/wp-json\/wp\/v2\/pages\/16\/revisions\/4053"}],"wp:attachment":[{"href":"https:\/\/drtkshkoder.com\/en\/wp-json\/wp\/v2\/media?parent=16"}],"curies":[{"name":"wp","href":"https:\/\/api.w.org\/{rel}","templated":true}]}}