{"id":3353,"date":"2023-01-25T09:55:13","date_gmt":"2023-01-25T09:55:13","guid":{"rendered":"https:\/\/ld-wp73.template-help.com\/wordpress\/prod_4439\/v4\/?page_id=3353"},"modified":"2026-03-26T16:50:13","modified_gmt":"2026-03-26T16:50:13","slug":"njoftimet","status":"publish","type":"page","link":"https:\/\/drtkshkoder.com\/en\/njoftimet\/","title":{"rendered":"Notifications"},"content":{"rendered":"<div data-elementor-type=\"wp-page\" data-elementor-id=\"3353\" class=\"elementor elementor-3353\">\n\t\t\t\t<div class=\"elementor-element elementor-element-a43b58c e-flex e-con-boxed e-con e-parent\" data-id=\"a43b58c\" data-element_type=\"container\" data-e-type=\"container\" data-settings=\"{&quot;jet_parallax_layout_list&quot;:[]}\">\n\t\t\t\t\t<div class=\"e-con-inner\">\n\t\t\t\t<div class=\"elementor-element elementor-element-92a367b elementor-widget elementor-widget-jet-posts\" data-id=\"92a367b\" data-element_type=\"widget\" data-e-type=\"widget\" data-settings=\"{&quot;columns&quot;:&quot;1&quot;}\" data-widget_type=\"jet-posts.default\">\n\t\t\t\t<div class=\"elementor-widget-container\">\n\t\t\t\t\t<div class=\"elementor-jet-posts jet-elements\"><div class=\"jet-posts col-row\"><div class=\"jet-posts__item\">\n\t<div class=\"jet-posts__inner-box\"><div class=\"jet-posts__inner-content\"><h4 class=\"entry-title\"><a href=\"https:\/\/drtkshkoder.com\/en\/konkurrimi-publik-pasarele-druri-ne-hyrje-te-kalase-lezhe\/\" target=\"\">Konkurrimi publik \"Pasarel\u00eb druri n\u00eb hyrje t\u00eb kalas\u00eb Lezh\u00eb\"<\/a><\/h4><div class=\"post-meta\"><span class=\"post__date post-meta__item\"><a href=\"https:\/\/drtkshkoder.com\/en\/2026\/03\/24\/\"  class=\"post__date-link\" ><time datetime=\"2026-03-24T16:34:15+00:00\" title=\"2026-03-24T16:34:15+00:00\">March 24, 2026<\/time><\/a><\/span><\/div><div class=\"entry-excerpt\">Konkurrimit publik &#8220;Pasarel\u00eb druri n\u00eb hyrje t\u00eb kalas\u00eb Lezh\u00eb&#8221; 1- Vendimi i miratimit 2- Projekti 3- Relacion teknik 4- Grafik&hellip;<\/div><div class=\"jet-more-wrap\"><a href=\"https:\/\/drtkshkoder.com\/en\/konkurrimi-publik-pasarele-druri-ne-hyrje-te-kalase-lezhe\/\" class=\"btn btn-primary elementor-button elementor-size-md jet-more\" target=\"\"><span class=\"btn__text\">Find out more<\/span><\/a><\/div><\/div><\/div>\n<\/div>\n<div class=\"jet-posts__item\">\n\t<div class=\"jet-posts__inner-box\"><div class=\"jet-posts__inner-content\"><h4 class=\"entry-title\"><a href=\"https:\/\/drtkshkoder.com\/en\/njoftimi-i-fituesit\/\" target=\"\">Winner Announcement<\/a><\/h4><div class=\"post-meta\"><span class=\"post__date post-meta__item\"><a href=\"https:\/\/drtkshkoder.com\/en\/2026\/03\/02\/\"  class=\"post__date-link\" ><time datetime=\"2026-03-02T08:43:03+00:00\" title=\"2026-03-02T08:43:03+00:00\">March 2, 2026<\/time><\/a><\/span><\/div><div class=\"entry-excerpt\">Winner Announcement \u2013 Restoration and maintenance of the Trinity Church at Drisht Castle. Posted on 02\/03\/2026\u2026<\/div><div class=\"jet-more-wrap\"><a href=\"https:\/\/drtkshkoder.com\/en\/njoftimi-i-fituesit\/\" class=\"btn btn-primary elementor-button elementor-size-md jet-more\" target=\"\"><span class=\"btn__text\">Find out more<\/span><\/a><\/div><\/div><\/div>\n<\/div>\n<div class=\"jet-posts__item\">\n\t<div class=\"jet-posts__inner-box\"><div class=\"jet-posts__inner-content\"><h4 class=\"entry-title\"><a href=\"https:\/\/drtkshkoder.com\/en\/konkurrimi-publik\/\" target=\"\">Public competition for the project \u201cRestoration and maintenance of the Trinity Church at Drisht Castle<\/a><\/h4><div class=\"post-meta\"><span class=\"post__date post-meta__item\"><a href=\"https:\/\/drtkshkoder.com\/en\/2026\/02\/16\/\"  class=\"post__date-link\" ><time datetime=\"2026-02-16T00:00:21+00:00\" title=\"2026-02-16T00:00:21+00:00\">February 16, 2026<\/time><\/a><\/span><\/div><div class=\"entry-excerpt\">Konkurrimi publik p\u00ebr projektin me objekt \u201cRestaurimi dhe mir\u00ebmbajtje, Kisha Trikon\u00ebshe n\u00eb kalan\u00eb e Drishtit\u201d 1- Vendimi i miratimit 2-&hellip;<\/div><div class=\"jet-more-wrap\"><a href=\"https:\/\/drtkshkoder.com\/en\/konkurrimi-publik\/\" class=\"btn btn-primary elementor-button elementor-size-md jet-more\" target=\"\"><span class=\"btn__text\">Find out more<\/span><\/a><\/div><\/div><\/div>\n<\/div>\n<\/div>\n<\/div>\t\t\t\t<\/div>\n\t\t\t\t<\/div>\n\t\t\t\t\t<\/div>\n\t\t\t\t<\/div>\n\t\t\t\t<\/div>","protected":false},"excerpt":{"rendered":"<p>Konkurrimi publik &#8220;Pasarel\u00eb druri n\u00eb hyrje t\u00eb kalas\u00eb Lezh\u00eb&#8221; March 24, 2026Konkurrimit publik &#8220;Pasarel\u00eb druri n\u00eb hyrje t\u00eb kalas\u00eb Lezh\u00eb&#8221; 1- Vendimi i miratimit 2- Projekti 3- Relacion teknik 4- Grafik&hellip;Zbulo m\u00eb shum\u00eb Njoftimi i Fituesit March 2, 2026Njoftimi i Fituesit &#8211; Restaurimi dhe mir\u00ebmbajtje Kisha Trikon\u00ebshe n\u00eb kalan\u00eb e Drishtit Postuar me dat\u00eb 02\/03\/2026 [&hellip;]<\/p>\n","protected":false},"author":1,"featured_media":0,"parent":0,"menu_order":0,"comment_status":"closed","ping_status":"closed","template":"elementor_header_footer","meta":{"footnotes":""},"class_list":["post-3353","page","type-page","status-publish","hentry"],"_links":{"self":[{"href":"https:\/\/drtkshkoder.com\/en\/wp-json\/wp\/v2\/pages\/3353","targetHints":{"allow":["GET"]}}],"collection":[{"href":"https:\/\/drtkshkoder.com\/en\/wp-json\/wp\/v2\/pages"}],"about":[{"href":"https:\/\/drtkshkoder.com\/en\/wp-json\/wp\/v2\/types\/page"}],"author":[{"embeddable":true,"href":"https:\/\/drtkshkoder.com\/en\/wp-json\/wp\/v2\/users\/1"}],"replies":[{"embeddable":true,"href":"https:\/\/drtkshkoder.com\/en\/wp-json\/wp\/v2\/comments?post=3353"}],"version-history":[{"count":36,"href":"https:\/\/drtkshkoder.com\/en\/wp-json\/wp\/v2\/pages\/3353\/revisions"}],"predecessor-version":[{"id":4890,"href":"https:\/\/drtkshkoder.com\/en\/wp-json\/wp\/v2\/pages\/3353\/revisions\/4890"}],"wp:attachment":[{"href":"https:\/\/drtkshkoder.com\/en\/wp-json\/wp\/v2\/media?parent=3353"}],"curies":[{"name":"wp","href":"https:\/\/api.w.org\/{rel}","templated":true}]}}