{"id":3363,"date":"2023-01-25T10:02:30","date_gmt":"2023-01-25T10:02:30","guid":{"rendered":"https:\/\/ld-wp73.template-help.com\/wordpress\/prod_4439\/v4\/?page_id=3363"},"modified":"2026-01-30T20:56:15","modified_gmt":"2026-01-30T20:56:15","slug":"monumentet-ne-qarkun-lezhe","status":"publish","type":"page","link":"https:\/\/drtkshkoder.com\/en\/fokusi-yne\/monumentet-ne-qarkun-lezhe\/","title":{"rendered":"Monuments in Lezha Region"},"content":{"rendered":"\t\t<div data-elementor-type=\"wp-page\" data-elementor-id=\"3363\" class=\"elementor elementor-3363\">\n\t\t\t\t\t\t<section class=\"elementor-section elementor-top-section elementor-element elementor-element-6172569c elementor-section-boxed elementor-section-height-default elementor-section-height-default\" data-id=\"6172569c\" data-element_type=\"section\" data-e-type=\"section\" data-settings=\"{&quot;jet_parallax_layout_list&quot;:[{&quot;jet_parallax_layout_image&quot;:{&quot;url&quot;:&quot;&quot;,&quot;id&quot;:&quot;&quot;,&quot;size&quot;:&quot;&quot;},&quot;_id&quot;:&quot;1ecb4b0&quot;,&quot;jet_parallax_layout_image_tablet&quot;:{&quot;url&quot;:&quot;&quot;,&quot;id&quot;:&quot;&quot;,&quot;size&quot;:&quot;&quot;},&quot;jet_parallax_layout_image_mobile&quot;:{&quot;url&quot;:&quot;&quot;,&quot;id&quot;:&quot;&quot;,&quot;size&quot;:&quot;&quot;},&quot;jet_parallax_layout_speed&quot;:{&quot;unit&quot;:&quot;%&quot;,&quot;size&quot;:50,&quot;sizes&quot;:[]},&quot;jet_parallax_layout_type&quot;:&quot;scroll&quot;,&quot;jet_parallax_layout_direction&quot;:&quot;1&quot;,&quot;jet_parallax_layout_fx_direction&quot;:null,&quot;jet_parallax_layout_z_index&quot;:&quot;&quot;,&quot;jet_parallax_layout_bg_x&quot;:50,&quot;jet_parallax_layout_bg_x_tablet&quot;:&quot;&quot;,&quot;jet_parallax_layout_bg_x_mobile&quot;:&quot;&quot;,&quot;jet_parallax_layout_bg_y&quot;:50,&quot;jet_parallax_layout_bg_y_tablet&quot;:&quot;&quot;,&quot;jet_parallax_layout_bg_y_mobile&quot;:&quot;&quot;,&quot;jet_parallax_layout_bg_size&quot;:&quot;auto&quot;,&quot;jet_parallax_layout_bg_size_tablet&quot;:&quot;&quot;,&quot;jet_parallax_layout_bg_size_mobile&quot;:&quot;&quot;,&quot;jet_parallax_layout_animation_prop&quot;:&quot;transform&quot;,&quot;jet_parallax_layout_on&quot;:[&quot;desktop&quot;,&quot;tablet&quot;]}],&quot;background_background&quot;:&quot;classic&quot;}\">\n\t\t\t\t\t\t\t<div class=\"elementor-background-overlay\"><\/div>\n\t\t\t\t\t\t\t<div class=\"elementor-container elementor-column-gap-default\">\n\t\t\t\t\t<div class=\"elementor-column elementor-col-100 elementor-top-column elementor-element elementor-element-50f48b56\" data-id=\"50f48b56\" data-element_type=\"column\" data-e-type=\"column\">\n\t\t\t<div class=\"elementor-widget-wrap elementor-element-populated\">\n\t\t\t\t\t\t<div class=\"elementor-element elementor-element-2fa493a1 elementor-widget-divider--view-line elementor-widget elementor-widget-divider\" data-id=\"2fa493a1\" data-element_type=\"widget\" data-e-type=\"widget\" data-widget_type=\"divider.default\">\n\t\t\t\t\t\t\t<div class=\"elementor-divider\">\n\t\t\t<span class=\"elementor-divider-separator\">\n\t\t\t\t\t\t<\/span>\n\t\t<\/div>\n\t\t\t\t\t\t<\/div>\n\t\t\t\t<div class=\"elementor-element elementor-element-60681138 elementor-widget elementor-widget-heading\" data-id=\"60681138\" data-element_type=\"widget\" data-e-type=\"widget\" data-widget_type=\"heading.default\">\n\t\t\t\t\t<h1 class=\"elementor-heading-title elementor-size-default\">Monumente n\u00eb Qarkun Lezh\u00eb<\/h1>\t\t\t\t<\/div>\n\t\t\t\t\t<\/div>\n\t\t<\/div>\n\t\t\t\t\t<\/div>\n\t\t<\/section>\n\t\t<div class=\"elementor-element elementor-element-c5a02d6 e-flex e-con-boxed e-con e-parent\" data-id=\"c5a02d6\" data-element_type=\"container\" data-e-type=\"container\" data-settings=\"{&quot;jet_parallax_layout_list&quot;:[]}\">\n\t\t\t\t\t<div class=\"e-con-inner\">\n\t\t\t\t<div class=\"elementor-element elementor-element-39ad3eb elementor-widget elementor-widget-spacer\" data-id=\"39ad3eb\" data-element_type=\"widget\" data-e-type=\"widget\" data-widget_type=\"spacer.default\">\n\t\t\t\t\t\t\t<div class=\"elementor-spacer\">\n\t\t\t<div class=\"elementor-spacer-inner\"><\/div>\n\t\t<\/div>\n\t\t\t\t\t\t<\/div>\n\t\t\t\t\t<\/div>\n\t\t\t\t<\/div>\n\t\t<div class=\"elementor-element elementor-element-09ce906 e-flex e-con-boxed e-con e-parent\" data-id=\"09ce906\" data-element_type=\"container\" data-e-type=\"container\" data-settings=\"{&quot;jet_parallax_layout_list&quot;:[]}\">\n\t\t\t\t\t<div class=\"e-con-inner\">\n\t\t\t\t<div class=\"elementor-element elementor-element-0bc4f17 elementor-widget elementor-widget-html\" data-id=\"0bc4f17\" data-element_type=\"widget\" data-e-type=\"widget\" data-widget_type=\"html.default\">\n\t\t\t\t\t<style>\n.monument-tabs-wrapper{\n  width:100%;\n  display:flex;\n  justify-content:center;\n  padding:25px 10px;\n}\n\n.monument-tabs{\n  display:flex;\n  flex-wrap:wrap;\n  justify-content:center;\n  gap: 12px 12px;\n  max-width:1100px;\n}\n\n.monument-tab{\n  padding:10px 20px;\n  border-radius:40px;\n  background:#dcdcdc;\n  color:#555;\n  font-family:Segoe UI, Arial, sans-serif;\n  font-size:15px;\n  cursor:pointer;\n  transition:0.25s;\n  white-space:nowrap;\n}\n\n.monument-tab:hover{ background:#cfcfcf; }\n.monument-tab.active{ background:#c40000; color:white; }\n\n.monument-table{\n  width:100%;\n  border-collapse:collapse;\n  font-family:Segoe UI, Arial, sans-serif;\n  font-size:14px;\n  margin-top:25px;\n}\n\n.monument-table th{\n  background:#8f8f8f;\n  color:white;\n  text-align:left;\n  padding:12px 16px;\n}\n\n.monument-table td{\n  padding:11px 16px;\n  color:#6b6b6b;\n}\n\n.monument-table tbody tr:nth-child(even){ background:#f4f4f4; }\n.monument-table tbody tr:nth-child(odd){ background:#ffffff; }\n<\/style>\n\n\n\n<div class=\"monument-tabs-wrapper\">\n  <div class=\"monument-tabs\">\n    <div class=\"monument-tab active\" data-cat=\"all\">T\u00cb GJITHA<\/div>\n    <div class=\"monument-tab\" data-cat=\"arkeologji\">KALA \/ ARKEOLOGJI<\/div>\n    <div class=\"monument-tab\" data-cat=\"ura\">URA \/ INFRASTRUKTUR\u00cb<\/div>\n    <div class=\"monument-tab\" data-cat=\"kulti\">OBJEKTE KULTI<\/div>\n    <div class=\"monument-tab\" data-cat=\"banesa\">BANESA \/ OBJEKTE HISTORIKE<\/div>\n  <\/div>\n<\/div>\n\n\n\n<table class=\"monument-table\">\n<thead>\n<tr>\n<th>Em\u00ebrtimi i monumentit<\/th>\n<th>Adresa<\/th>\n<th>T\u00eb dh\u00ebna t\u00eb shpalljes<\/th>\n<\/tr>\n<\/thead>\n<tbody id=\"monument-body\"><\/tbody>\n<\/table>\n\n\n\n<script>\n\nconst monuments = [\n\n\/* ===== ARKEOLOGJI \/ KALA ===== *\/\n{cat:\"arkeologji\",n:\"Rr\u00ebnojat e Malit t\u00eb Shelbuemit (Akrolisi)\",a:\"Lezh\u00eb\",d:\"Instituti i Shkencave 1948; UST 1963; MAK 1973\"},\n{cat:\"arkeologji\",n:\"Kalaja e Lezh\u00ebs (Lissos) dhe muret antike\",a:\"Lezh\u00eb\",d:\"Instituti i Shkencave 1948; UST 1963; MAK 1973\"},\n{cat:\"arkeologji\",n:\"Kalaja e Sebast\u00ebs\",a:\"La\u00e7, Kurbin\",d:\"UST 1963; MAK 1973\"},\n{cat:\"arkeologji\",n:\"Kalaja Antike e Rubikut\",a:\"Rubik, Mirdit\u00eb\",d:\"MAK 1970; MAK 1973\"},\n{cat:\"arkeologji\",n:\"Kalaja e Daul\u00ebs\",a:\"Daul\u00eb, Kurbin\",d:\"MAK 1973\"},\n{cat:\"arkeologji\",n:\"Gradishta n\u00eb Domgjon\",a:\"Domgjon, Mirdit\u00eb\",d:\"MAK 1984\"},\n{cat:\"arkeologji\",n:\"Piktogramet n\u00eb streh\u00ebn shk\u00ebmbore pran\u00eb Rubikut\",a:\"Rubik\",d:\"MK 2015\"},\n{cat:\"arkeologji\",n:\"Vendvarrimi i Sk\u00ebnderbeut\",a:\"Lezh\u00eb\",d:\"MAK 1973\"},\n\n\/* ===== URA \/ INFRASTRUKTUR\u00cb ===== *\/\n{cat:\"ura\",n:\"Ura e Shkin\u00ebs\",a:\"Blinisht, Lezh\u00eb\",d:\"MAK 1984\"},\n{cat:\"ura\",n:\"Ura e Matit\",a:\"Milot, Kurbin\",d:\"K\u00ebshilli i Ministrave 1999\"},\n{cat:\"ura\",n:\"Rr\u00ebnojat e Ur\u00ebs s\u00eb Plakut Gjon\",a:\"Rabosht\u00eb, Lezh\u00eb\",d:\"MAK 1984\"},\n{cat:\"ura\",n:\"Uj\u00ebsjell\u00ebsi i Domgjonit\",a:\"Domgjon, Mirdit\u00eb\",d:\"MAK 1984\"},\n\n\/* ===== OBJEKTE KULTI ===== *\/\n{cat:\"kulti\",n:\"Kisha e Sh\u00ebn Venerand\u00ebs\",a:\"Pllan\u00eb, Lezh\u00eb\",d:\"UST 1963; MAK 1970; MAK 1973\"},\n{cat:\"kulti\",n:\"Kisha e Sh\u00ebn Kollit\",a:\"Zejmen, Lezh\u00eb\",d:\"UST 1963; MAK 1970; MAK 1973\"},\n{cat:\"kulti\",n:\"Kisha e Sh\u00ebn Aleksandrit\",a:\"Bokion, Lezh\u00eb\",d:\"MAK 1984\"},\n{cat:\"kulti\",n:\"Kisha e Sh\u00ebn Premtes\",a:\"Balldren, Lezh\u00eb\",d:\"MAK 1984\"},\n{cat:\"kulti\",n:\"Kisha e Manastirit t\u00eb Rubikut\",a:\"Rubik\",d:\"Instituti i Shkencave 1948; MAK 1973\"},\n{cat:\"kulti\",n:\"Rr\u00ebnojat e Kish\u00ebs s\u00eb Sh\u00ebn Stefanit\",a:\"Blinisht\",d:\"MAK 1984\"},\n{cat:\"kulti\",n:\"Rr\u00ebnojat e Kish\u00ebs s\u00eb Sh\u00ebn M\u00ebris\u00eb\",a:\"Sh\u00ebmri, Kurbin\",d:\"UST 1963; MAK 1970; MAK 1973\"},\n{cat:\"kulti\",n:\"Rr\u00ebnojat e Kish\u00ebs s\u00eb Sh\u00ebn Prendes Gallat\u00eb\",a:\"Gallat\u00eb, Kurbin\",d:\"MK 2016\"},\n{cat:\"kulti\",n:\"Ish Arqipeshkvia e Durr\u00ebsit\",a:\"Delbnisht, Kurbin\",d:\"MK 2015\"},\n\n\/* ===== BANESA \/ OBJEKTE HISTORIKE ===== *\/\n{cat:\"banesa\",n:\"Banesa e Ndue Zefit\",a:\"Ishull Sh\u00ebngjin\",d:\"MAK 1977\"},\n{cat:\"banesa\",n:\"Banesa e Ndue Frrokut\",a:\"Ishull Sh\u00ebngjin\",d:\"MAK 1977\"},\n{cat:\"banesa\",n:\"Banesa e Geg Prendit\",a:\"Patalej, Lezh\u00eb\",d:\"MAK 1977\"},\n{cat:\"banesa\",n:\"Banesa Shtet\u00ebrore (Muzeu Etnografik)\",a:\"Lezh\u00eb\",d:\"UST 1963; MAK 1973\"},\n{cat:\"banesa\",n:\"Banesa e Sali Bajram Zek\u00ebs\",a:\"Varosh, Lezh\u00eb\",d:\"UST 1963; MAK 1973\"},\n{cat:\"banesa\",n:\"Banesa e Gjergj Fisht\u00ebs\",a:\"Fisht\u00eb\",d:\"1991; MTKRS 2008\"},\n{cat:\"banesa\",n:\"Banesa e Gjet Markut\",a:\"Perlat i Sip\u00ebrm\",d:\"MAK 1973\"},\n{cat:\"banesa\",n:\"Banesa e Dod Nikollit\",a:\"Kurbnesh\",d:\"MAK 1973\"},\n{cat:\"banesa\",n:\"Banesa e Prend Lleshit\",a:\"Masht\u00ebrkor\",d:\"MAK 1973\"},\n{cat:\"banesa\",n:\"Banesa dhe Kulla e Zef Ndocajt\",a:\"Kod\u00ebr Spa\u00e7\",d:\"MAK 1973\"},\n{cat:\"banesa\",n:\"Banesa e Abat Prend Do\u00e7it\",a:\"Rubik\",d:\"MK 2015\"},\n{cat:\"banesa\",n:\"Burgu i Spa\u00e7it\",a:\"Spa\u00e7\",d:\"MTKRS 2007\"},\n{cat:\"banesa\",n:\"Kuvendi i Troshanit\",a:\"Troshan\",d:\"MK 2017\"}\n\n];\n\nfunction render(cat){\n  const body=document.getElementById(\"monument-body\");\n  body.innerHTML=\"\";\n  const list = cat===\"all\" ? monuments : monuments.filter(m=>m.cat===cat);\n\n  list.forEach(m=>{\n    body.innerHTML+=`\n      <tr>\n        <td>${m.n}<\/td>\n        <td>${m.a}<\/td>\n        <td>${m.d}<\/td>\n      <\/tr>\n    `;\n  });\n}\n\ndocument.querySelectorAll(\".monument-tab\").forEach(tab=>{\n  tab.onclick=()=>{\n    document.querySelectorAll(\".monument-tab\").forEach(t=>t.classList.remove(\"active\"));\n    tab.classList.add(\"active\");\n    render(tab.dataset.cat);\n  }\n});\n\nrender(\"all\");\n\n<\/script>\n\t\t\t\t<\/div>\n\t\t\t\t\t<\/div>\n\t\t\t\t<\/div>\n\t\t\t\t<\/div>\n\t\t","protected":false},"excerpt":{"rendered":"<p>Monumente n\u00eb Qarkun Lezh\u00eb T\u00cb GJITHA KALA \/ ARKEOLOGJI URA \/ INFRASTRUKTUR\u00cb OBJEKTE KULTI BANESA \/ OBJEKTE HISTORIKE Em\u00ebrtimi i monumentit Adresa T\u00eb dh\u00ebna t\u00eb shpalljes<\/p>","protected":false},"author":1,"featured_media":0,"parent":16,"menu_order":0,"comment_status":"closed","ping_status":"closed","template":"elementor_header_footer","meta":{"footnotes":""},"class_list":["post-3363","page","type-page","status-publish","hentry"],"_links":{"self":[{"href":"https:\/\/drtkshkoder.com\/en\/wp-json\/wp\/v2\/pages\/3363","targetHints":{"allow":["GET"]}}],"collection":[{"href":"https:\/\/drtkshkoder.com\/en\/wp-json\/wp\/v2\/pages"}],"about":[{"href":"https:\/\/drtkshkoder.com\/en\/wp-json\/wp\/v2\/types\/page"}],"author":[{"embeddable":true,"href":"https:\/\/drtkshkoder.com\/en\/wp-json\/wp\/v2\/users\/1"}],"replies":[{"embeddable":true,"href":"https:\/\/drtkshkoder.com\/en\/wp-json\/wp\/v2\/comments?post=3363"}],"version-history":[{"count":18,"href":"https:\/\/drtkshkoder.com\/en\/wp-json\/wp\/v2\/pages\/3363\/revisions"}],"predecessor-version":[{"id":4306,"href":"https:\/\/drtkshkoder.com\/en\/wp-json\/wp\/v2\/pages\/3363\/revisions\/4306"}],"up":[{"embeddable":true,"href":"https:\/\/drtkshkoder.com\/en\/wp-json\/wp\/v2\/pages\/16"}],"wp:attachment":[{"href":"https:\/\/drtkshkoder.com\/en\/wp-json\/wp\/v2\/media?parent=3363"}],"curies":[{"name":"wp","href":"https:\/\/api.w.org\/{rel}","templated":true}]}}