{"id":3509,"date":"2023-01-25T13:31:52","date_gmt":"2023-01-25T13:31:52","guid":{"rendered":"https:\/\/ld-wp73.template-help.com\/wordpress\/prod_4439\/v4\/?page_id=3509"},"modified":"2026-02-25T13:11:31","modified_gmt":"2026-02-25T13:11:31","slug":"monumentet-ne-qarkun-kukes","status":"publish","type":"page","link":"https:\/\/drtkshkoder.com\/en\/fokusi-yne\/monumentet-ne-qarkun-kukes\/","title":{"rendered":"Monuments in the Kuk\u00ebs Region"},"content":{"rendered":"\t\t<div data-elementor-type=\"wp-page\" data-elementor-id=\"3509\" class=\"elementor elementor-3509\">\n\t\t\t\t\t\t<section class=\"elementor-section elementor-top-section elementor-element elementor-element-38c96e1f elementor-section-boxed elementor-section-height-default elementor-section-height-default\" data-id=\"38c96e1f\" data-element_type=\"section\" data-e-type=\"section\" data-settings=\"{&quot;jet_parallax_layout_list&quot;:[{&quot;jet_parallax_layout_image&quot;:{&quot;url&quot;:&quot;&quot;,&quot;id&quot;:&quot;&quot;,&quot;size&quot;:&quot;&quot;},&quot;_id&quot;:&quot;1ecb4b0&quot;,&quot;jet_parallax_layout_image_tablet&quot;:{&quot;url&quot;:&quot;&quot;,&quot;id&quot;:&quot;&quot;,&quot;size&quot;:&quot;&quot;},&quot;jet_parallax_layout_image_mobile&quot;:{&quot;url&quot;:&quot;&quot;,&quot;id&quot;:&quot;&quot;,&quot;size&quot;:&quot;&quot;},&quot;jet_parallax_layout_speed&quot;:{&quot;unit&quot;:&quot;%&quot;,&quot;size&quot;:50,&quot;sizes&quot;:[]},&quot;jet_parallax_layout_type&quot;:&quot;scroll&quot;,&quot;jet_parallax_layout_direction&quot;:&quot;1&quot;,&quot;jet_parallax_layout_fx_direction&quot;:null,&quot;jet_parallax_layout_z_index&quot;:&quot;&quot;,&quot;jet_parallax_layout_bg_x&quot;:50,&quot;jet_parallax_layout_bg_x_tablet&quot;:&quot;&quot;,&quot;jet_parallax_layout_bg_x_mobile&quot;:&quot;&quot;,&quot;jet_parallax_layout_bg_y&quot;:50,&quot;jet_parallax_layout_bg_y_tablet&quot;:&quot;&quot;,&quot;jet_parallax_layout_bg_y_mobile&quot;:&quot;&quot;,&quot;jet_parallax_layout_bg_size&quot;:&quot;auto&quot;,&quot;jet_parallax_layout_bg_size_tablet&quot;:&quot;&quot;,&quot;jet_parallax_layout_bg_size_mobile&quot;:&quot;&quot;,&quot;jet_parallax_layout_animation_prop&quot;:&quot;transform&quot;,&quot;jet_parallax_layout_on&quot;:[&quot;desktop&quot;,&quot;tablet&quot;]}],&quot;background_background&quot;:&quot;classic&quot;}\">\n\t\t\t\t\t\t\t<div class=\"elementor-background-overlay\"><\/div>\n\t\t\t\t\t\t\t<div class=\"elementor-container elementor-column-gap-default\">\n\t\t\t\t\t<div class=\"elementor-column elementor-col-100 elementor-top-column elementor-element elementor-element-54359f5d\" data-id=\"54359f5d\" data-element_type=\"column\" data-e-type=\"column\">\n\t\t\t<div class=\"elementor-widget-wrap elementor-element-populated\">\n\t\t\t\t\t\t<div class=\"elementor-element elementor-element-60d67f7a elementor-widget-divider--view-line elementor-widget elementor-widget-divider\" data-id=\"60d67f7a\" data-element_type=\"widget\" data-e-type=\"widget\" data-widget_type=\"divider.default\">\n\t\t\t\t\t\t\t<div class=\"elementor-divider\">\n\t\t\t<span class=\"elementor-divider-separator\">\n\t\t\t\t\t\t<\/span>\n\t\t<\/div>\n\t\t\t\t\t\t<\/div>\n\t\t\t\t<div class=\"elementor-element elementor-element-567e6a5b elementor-widget elementor-widget-heading\" data-id=\"567e6a5b\" data-element_type=\"widget\" data-e-type=\"widget\" data-widget_type=\"heading.default\">\n\t\t\t\t\t<h1 class=\"elementor-heading-title elementor-size-default\">Monumente n\u00eb Qarkun Kuk\u00ebs<\/h1>\t\t\t\t<\/div>\n\t\t\t\t\t<\/div>\n\t\t<\/div>\n\t\t\t\t\t<\/div>\n\t\t<\/section>\n\t\t<div class=\"elementor-element elementor-element-dd57dea e-flex e-con-boxed e-con e-parent\" data-id=\"dd57dea\" data-element_type=\"container\" data-e-type=\"container\" data-settings=\"{&quot;jet_parallax_layout_list&quot;:[]}\">\n\t\t\t\t\t<div class=\"e-con-inner\">\n\t\t\t\t<div class=\"elementor-element elementor-element-385dc15 elementor-widget elementor-widget-spacer\" data-id=\"385dc15\" data-element_type=\"widget\" data-e-type=\"widget\" data-widget_type=\"spacer.default\">\n\t\t\t\t\t\t\t<div class=\"elementor-spacer\">\n\t\t\t<div class=\"elementor-spacer-inner\"><\/div>\n\t\t<\/div>\n\t\t\t\t\t\t<\/div>\n\t\t<div class=\"elementor-element elementor-element-f89e5db e-con-full e-flex e-con e-child\" data-id=\"f89e5db\" data-element_type=\"container\" data-e-type=\"container\" data-settings=\"{&quot;jet_parallax_layout_list&quot;:[]}\">\n\t\t\t\t<div class=\"elementor-element elementor-element-85f0ccc elementor-widget elementor-widget-html\" data-id=\"85f0ccc\" data-element_type=\"widget\" data-e-type=\"widget\" data-widget_type=\"html.default\">\n\t\t\t\t\t<style>\n.monument-tabs-wrapper{\n  width:100%;\n  display:flex;\n  justify-content:center;\n  padding:25px 10px;\n}\n\n.monument-tabs{\n  display:flex;\n  flex-wrap:wrap;\n  justify-content:center;\n  gap: 12px 12px;\n  max-width:1100px;\n}\n\n.monument-tab{\n  padding:10px 20px;\n  border-radius:40px;\n  background:#dcdcdc;\n  color:#555;\n  font-family:Segoe UI, Arial, sans-serif;\n  font-size:15px;\n  cursor:pointer;\n  transition:0.25s;\n  white-space:nowrap;\n}\n\n.monument-tab:hover{ background:#cfcfcf; }\n.monument-tab.active{ background:#c40000; color:white; }\n\n.monument-table{\n  width:100%;\n  border-collapse:collapse;\n  font-family:Segoe UI, Arial, sans-serif;\n  font-size:14px;\n  margin-top:25px;\n}\n\n.monument-table th{\n  background:#8f8f8f;\n  color:white;\n  text-align:left;\n  padding:12px 16px;\n}\n\n.monument-table td{\n  padding:11px 16px;\n  color:#6b6b6b;\n}\n\n.monument-table tbody tr:nth-child(even){ background:#f4f4f4; }\n.monument-table tbody tr:nth-child(odd){ background:#ffffff; }\n<\/style>\n\n\n\n<div class=\"monument-tabs-wrapper\">\n  <div class=\"monument-tabs\">\n    <div class=\"monument-tab active\" data-cat=\"all\">T\u00cb GJITHA<\/div>\n    <div class=\"monument-tab\" data-cat=\"kala\">KALA & FORTIFIKIME<\/div>\n    <div class=\"monument-tab\" data-cat=\"arkeologji\">ARKEOLOGJI \/ SHPELLA<\/div>\n    <div class=\"monument-tab\" data-cat=\"kulti\">OBJEKTE KULTI<\/div>\n    <div class=\"monument-tab\" data-cat=\"banesa\">BANESA & KULLA<\/div>\n    <div class=\"monument-tab\" data-cat=\"institucione\">OBJEKTE HISTORIKE<\/div>\n  <\/div>\n<\/div>\n\n\n\n<table class=\"monument-table\">\n<thead>\n<tr>\n<th>Em\u00ebrtimi i monumentit<\/th>\n<th>Adresa<\/th>\n<th>T\u00eb dh\u00ebna t\u00eb shpalljes<\/th>\n<\/tr>\n<\/thead>\n<tbody id=\"monument-body\"><\/tbody>\n<\/table>\n\n\n\n<script>\n\nconst monuments = [\n\n\/* 1-7 KALA *\/\n{cat:\"kala\",n:\"K\u00ebshtjella e Bushatit\",a:\"Bushat, Bicaj, Kuk\u00ebs\",d:\"MAK nr.786\/1 dt.05.11.1984\"},\n{cat:\"kala\",n:\"Kalaja e Lek\u00ebs n\u00eb Vau-Spas\",a:\"Spas, Malzi, Kuk\u00ebs\",d:\"UST 1963; MAK 1973\"},\n{cat:\"kala\",n:\"Kalaja e Vil\u00ebs\",a:\"Vil\u00eb, Bushtric\u00eb, Kuk\u00ebs\",d:\"MAK nr.786\/1 dt.05.11.1984\"},\n{cat:\"kala\",n:\"Kalaja n\u00eb Shoshan\",a:\"Shoshan, Tropoj\u00eb\",d:\"MAK nr.1886 dt.10.06.1973\"},\n{cat:\"kala\",n:\"Kala e Lek\u00ebs n\u00eb Selimaj\",a:\"Selimaj, Tropoj\u00eb\",d:\"MAK nr.1886 dt.10.06.1973\"},\n{cat:\"kala\",n:\"Kalaja e Cernic\u00ebs\",a:\"Cernic\u00eb, Tropoj\u00eb\",d:\"MAK nr.786\/10 dt.05.11.1984\"},\n{cat:\"kala\",n:\"K\u00ebshtjella e Breg Lumit\",a:\"Breg Lum, Tropoj\u00eb\",d:\"MAK nr.786\/10 dt.05.11.1984\"},\n\n\/* 8-12 ARKEOLOGJI *\/\n{cat:\"arkeologji\",n:\"Qyteza e Rosunj\u00ebs\",a:\"Bujan, Tropoj\u00eb\",d:\"MAK nr.1886 dt.10.06.1973\"},\n{cat:\"arkeologji\",n:\"Shpella e Dragobis\u00eb\",a:\"Dragobi, Tropoj\u00eb\",d:\"MAK Urdh\u00ebres 08.01.1977\"},\n{cat:\"arkeologji\",n:\"Hisari n\u00eb Domaj\",a:\"Domaj, Kuk\u00ebs\",d:\"MAK nr.786\/1 dt.05.11.1984\"},\n{cat:\"arkeologji\",n:\"Gradishta e Bardhocit\",a:\"Bardhoc, Kuk\u00ebs\",d:\"MAK nr.786\/1 dt.05.11.1984\"},\n{cat:\"arkeologji\",n:\"Rr\u00ebnojat e Qytez\u00ebs Antike t\u00eb Pec\u00ebs\",a:\"Kuk\u00ebs\",d:\"MK nr.102 dt.13.03.2017\"},\n\n\/* 13-15 KULTI *\/\n{cat:\"kulti\",n:\"Kisha e An\u00e7itit\",a:\"Breg Lum, Tropoj\u00eb\",d:\"MAK nr.786\/10 dt.05.11.1984\"},\n{cat:\"kulti\",n:\"Teqeja e Dervish Sokolit\",a:\"Bu\u00e7aj, Tropoj\u00eb\",d:\"MTKRS nr.236 dt.17.05.2010\"},\n{cat:\"kulti\",n:\"Tyrbja e Dervishit t\u00eb Lush\u00ebs\",a:\"Luzhe, Tropoj\u00eb\",d:\"MTKRS nr.98 dt.24.03.2011\"},\n\n\/* 16-34 BANESA *\/\n{cat:\"banesa\",n:\"Banesa e Asllan Fetahut\",a:\"Bicaj, Kuk\u00ebs\",d:\"MAK 1973\"},\n{cat:\"banesa\",n:\"Banesa e Hasan Rexhepit\",a:\"Shtan\u00eb, Kuk\u00ebs\",d:\"MAK 1977\"},\n{cat:\"banesa\",n:\"Banesa e Rustem Shahinit\",a:\"Bicaj, Kuk\u00ebs\",d:\"MAK 1973\"},\n{cat:\"banesa\",n:\"Banesa e Ismail Mustafait\",a:\"Bajram Curri\",d:\"MAK 1973\"},\n{cat:\"banesa\",n:\"Banesa e Halil \u00c7eleposhit\",a:\"Babin\u00eb, Tropoj\u00eb\",d:\"MAK 1973\"},\n{cat:\"banesa\",n:\"Banesa e Bajram Uk\u00ebs\",a:\"Kostur, Has\",d:\"MAK 1973\"},\n{cat:\"banesa\",n:\"Banesa e Mus Hasanit\",a:\"Kostur, Has\",d:\"MAK 1973\"},\n{cat:\"banesa\",n:\"Banesa e Man & Hate Ferizollit\",a:\"Has\",d:\"MAK 1973\"},\n{cat:\"banesa\",n:\"Banesa e Selim Rahmanit\",a:\"Golaj, Has\",d:\"MAK 1973\"},\n{cat:\"banesa\",n:\"Banesa e Man \u00c7el\u00ebs\",a:\"Helshan, Has\",d:\"MAK 1973\"},\n{cat:\"banesa\",n:\"Banesa e Selman Dautit\",a:\"Golaj, Has\",d:\"MAK 1973\"},\n{cat:\"banesa\",n:\"Banesa e Ibrahim Sadikut\",a:\"Helshan, Has\",d:\"MAK 1973\"},\n{cat:\"banesa\",n:\"Banesa e Deli Kova\u00e7it\",a:\"Vlahen, Has\",d:\"MAK 1977\"},\n{cat:\"banesa\",n:\"Banesa e Ali & Adem Pavdoj\u00ebs\",a:\"Krum\u00eb, Has\",d:\"MAK 1977\"},\n{cat:\"banesa\",n:\"Banesa e \u00c7ardakut Ibrahim Gjonit\",a:\"Kostur, Has\",d:\"MAK 1977\"},\n{cat:\"banesa\",n:\"Banesa e Adem Demajt\",a:\"Tropoj\u00eb\",d:\"MAK 1973\"},\n{cat:\"banesa\",n:\"Banesa e Mehmet Ram\u00ebs\",a:\"Tropoj\u00eb\",d:\"MAK 1973\"},\n{cat:\"banesa\",n:\"Banesa e Bajram Osman\",a:\"Tropoj\u00eb\",d:\"MAK 1973\"},\n{cat:\"banesa\",n:\"Banesa e Sali Manit\",a:\"Bujan\",d:\"MAK 1983\"},\n{cat:\"banesa\",n:\"Kulla e Mic Sokolit\",a:\"Bujan\",d:\"MAK 1973\"},\n{cat:\"banesa\",n:\"Kulla e Kurpal\u00ebve\",a:\"Letaj, Has\",d:\"MK 2023\"},\n\n\/* 35-38 INSTITUCIONE *\/\n{cat:\"institucione\",n:\"Mulliri i Bajram Currit\",a:\"Tropoj\u00eb\",d:\"MAK 1979\"},\n{cat:\"institucione\",n:\"Sht\u00ebpia e Azem Hajdarit\",a:\"Bajram Curri\",d:\"MTKRS 2011\"},\n{cat:\"institucione\",n:\"Shkolla & Internati Krum\u00eb\",a:\"Has\",d:\"MAK 1973\"},\n{cat:\"institucione\",n:\"Shkolla e Vjet\u00ebr e Bicajt\",a:\"Kuk\u00ebs\",d:\"MAK 1973\"}\n\n];\n\nfunction render(cat){\n  const body=document.getElementById(\"monument-body\");\n  body.innerHTML=\"\";\n  const list = cat===\"all\" ? monuments : monuments.filter(m=>m.cat===cat);\n\n  list.forEach(m=>{\n    body.innerHTML+=`\n      <tr>\n        <td>${m.n}<\/td>\n        <td>${m.a}<\/td>\n        <td>${m.d}<\/td>\n      <\/tr>\n    `;\n  });\n}\n\ndocument.querySelectorAll(\".monument-tab\").forEach(tab=>{\n  tab.onclick=()=>{\n    document.querySelectorAll(\".monument-tab\").forEach(t=>t.classList.remove(\"active\"));\n    tab.classList.add(\"active\");\n    render(tab.dataset.cat);\n  }\n});\n\nrender(\"all\");\n\n<\/script>\n\t\t\t\t<\/div>\n\t\t\t\t<\/div>\n\t\t\t\t\t<\/div>\n\t\t\t\t<\/div>\n\t\t\t\t<\/div>\n\t\t","protected":false},"excerpt":{"rendered":"<p>Monumente n\u00eb Qarkun Kuk\u00ebs T\u00cb GJITHA KALA &#038; FORTIFIKIME ARKEOLOGJI \/ SHPELLA OBJEKTE KULTI BANESA &#038; KULLA OBJEKTE HISTORIKE Em\u00ebrtimi i monumentit Adresa T\u00eb dh\u00ebna t\u00eb shpalljes<\/p>","protected":false},"author":1,"featured_media":0,"parent":16,"menu_order":0,"comment_status":"closed","ping_status":"closed","template":"elementor_header_footer","meta":{"footnotes":""},"class_list":["post-3509","page","type-page","status-publish","hentry"],"_links":{"self":[{"href":"https:\/\/drtkshkoder.com\/en\/wp-json\/wp\/v2\/pages\/3509","targetHints":{"allow":["GET"]}}],"collection":[{"href":"https:\/\/drtkshkoder.com\/en\/wp-json\/wp\/v2\/pages"}],"about":[{"href":"https:\/\/drtkshkoder.com\/en\/wp-json\/wp\/v2\/types\/page"}],"author":[{"embeddable":true,"href":"https:\/\/drtkshkoder.com\/en\/wp-json\/wp\/v2\/users\/1"}],"replies":[{"embeddable":true,"href":"https:\/\/drtkshkoder.com\/en\/wp-json\/wp\/v2\/comments?post=3509"}],"version-history":[{"count":66,"href":"https:\/\/drtkshkoder.com\/en\/wp-json\/wp\/v2\/pages\/3509\/revisions"}],"predecessor-version":[{"id":4818,"href":"https:\/\/drtkshkoder.com\/en\/wp-json\/wp\/v2\/pages\/3509\/revisions\/4818"}],"up":[{"embeddable":true,"href":"https:\/\/drtkshkoder.com\/en\/wp-json\/wp\/v2\/pages\/16"}],"wp:attachment":[{"href":"https:\/\/drtkshkoder.com\/en\/wp-json\/wp\/v2\/media?parent=3509"}],"curies":[{"name":"wp","href":"https:\/\/api.w.org\/{rel}","templated":true}]}}