{"id":4517,"date":"2026-02-11T12:50:51","date_gmt":"2026-02-11T12:50:51","guid":{"rendered":"https:\/\/drtkshkoder.com\/?page_id=4517"},"modified":"2026-02-11T21:06:07","modified_gmt":"2026-02-11T21:06:07","slug":"rreth-autoritetit","status":"publish","type":"page","link":"https:\/\/drtkshkoder.com\/en\/rreth-autoritetit\/","title":{"rendered":"About the Authority"},"content":{"rendered":"<div data-elementor-type=\"wp-page\" data-elementor-id=\"4517\" class=\"elementor elementor-4517\">\n\t\t\t\t<div class=\"elementor-element elementor-element-51ec612 e-flex e-con-boxed e-con e-parent\" data-id=\"51ec612\" data-element_type=\"container\" data-e-type=\"container\" data-settings=\"{&quot;jet_parallax_layout_list&quot;:[]}\">\n\t\t\t\t\t<div class=\"e-con-inner\">\n\t\t\t\t<div class=\"elementor-element elementor-element-233d236 elementor-icon-list--layout-traditional elementor-list-item-link-full_width elementor-widget elementor-widget-icon-list\" data-id=\"233d236\" data-element_type=\"widget\" data-e-type=\"widget\" data-widget_type=\"icon-list.default\">\n\t\t\t\t\t\t\t<ul class=\"elementor-icon-list-items\">\n\t\t\t\t\t\t\t<li class=\"elementor-icon-list-item\">\n\t\t\t\t\t\t\t\t\t\t\t<a href=\"https:\/\/drtkshkoder.com\/wp-content\/uploads\/2026\/02\/Vendim-nr.421-26.6.2024.pdf\">\n\n\t\t\t\t\t\t\t\t\t\t\t\t<span class=\"elementor-icon-list-icon\">\n\t\t\t\t\t\t\t<svg aria-hidden=\"true\" class=\"e-font-icon-svg e-fas-dot-circle\" viewbox=\"0 0 512 512\" xmlns=\"http:\/\/www.w3.org\/2000\/svg\"><path d=\"M256 8C119.033 8 8 119.033 8 256s111.033 248 248 248 248-111.033 248-248S392.967 8 256 8zm80 248c0 44.112-35.888 80-80 80s-80-35.888-80-80 35.888-80 80-80 80 35.888 80 80z\"><\/path><\/svg>\t\t\t\t\t\t<\/span>\n\t\t\t\t\t\t\t\t\t\t<span class=\"elementor-icon-list-text\">VKM nr.421, dat\u00eb, 26.06.2024, P\u00ebr disa shtesa dhe ndryshime n\u00eb vendimin nr.325, dat\u00eb 31.5.2023, t\u00eb K\u00ebshillit t\u00eb Ministrave, \u201cP\u00ebr Miratimin e  Struktur\u00ebs s\u00eb Pagave, Niveleve t\u00eb Pagave dhe  Shtesave t\u00eb tjera mbi Pag\u00eb t\u00eb Z\u00ebv\u00ebnd\u00ebsministrit, funksionar\u00ebve t\u00eb Kabineteve, Prefektit, N\u00ebnprefektit, N\u00ebpun\u00ebsve Civil dhe N\u00ebpun\u00ebsve n\u00eb disa Institucione t\u00eb Administrat\u00ebs Publike\u201d, t\u00eb ndryshuar.<\/span>\n\t\t\t\t\t\t\t\t\t\t\t<\/a>\n\t\t\t\t\t\t\t\t\t<\/li>\n\t\t\t\t\t\t\t\t<li class=\"elementor-icon-list-item\">\n\t\t\t\t\t\t\t\t\t\t\t<a href=\"https:\/\/drtkshkoder.com\/wp-content\/uploads\/2026\/02\/Vendim-nr.422.-date-26.6.2024.pdf\">\n\n\t\t\t\t\t\t\t\t\t\t\t\t<span class=\"elementor-icon-list-icon\">\n\t\t\t\t\t\t\t<svg aria-hidden=\"true\" class=\"e-font-icon-svg e-fas-dot-circle\" viewbox=\"0 0 512 512\" xmlns=\"http:\/\/www.w3.org\/2000\/svg\"><path d=\"M256 8C119.033 8 8 119.033 8 256s111.033 248 248 248 248-111.033 248-248S392.967 8 256 8zm80 248c0 44.112-35.888 80-80 80s-80-35.888-80-80 35.888-80 80-80 80 35.888 80 80z\"><\/path><\/svg>\t\t\t\t\t\t<\/span>\n\t\t\t\t\t\t\t\t\t\t<span class=\"elementor-icon-list-text\">VKM nr.422, dat\u00eb 26.6.2024, P\u00ebr nj\u00eb ndryshim n\u00eb vendimin nr.326, dat\u00eb 31.5.2023, t\u00eb K\u00ebshillit t\u00eb ministrave \"P\u00ebr pagat e punonj\u00ebsve mb\u00ebshtet\u00ebs dhe punonj\u00ebsve t\u00eb tjer\u00eb t\u00eb specialiteteve t\u00eb ndryshme n\u00eb disa institucione t\u00eb administrat\u00ebs publike\"<\/span>\n\t\t\t\t\t\t\t\t\t\t\t<\/a>\n\t\t\t\t\t\t\t\t\t<\/li>\n\t\t\t\t\t\t<\/ul>\n\t\t\t\t\t\t<\/div>\n\t\t\t\t\t<\/div>\n\t\t\t\t<\/div>\n\t\t\t\t<\/div>","protected":false},"excerpt":{"rendered":"<p>VKM nr.421, dat\u00eb, 26.06.2024, P\u00ebr disa shtesa dhe ndryshime n\u00eb vendimin nr.325, dat\u00eb 31.5.2023, t\u00eb K\u00ebshillit t\u00eb Ministrave, \u201cP\u00ebr Miratimin e Struktur\u00ebs s\u00eb Pagave, Niveleve t\u00eb Pagave dhe Shtesave t\u00eb tjera mbi Pag\u00eb t\u00eb Z\u00ebv\u00ebnd\u00ebsministrit, funksionar\u00ebve t\u00eb Kabineteve, Prefektit, N\u00ebnprefektit, N\u00ebpun\u00ebsve Civil dhe N\u00ebpun\u00ebsve n\u00eb disa Institucione t\u00eb Administrat\u00ebs Publike\u201d, t\u00eb ndryshuar. VKM nr.422, dat\u00eb [&hellip;]<\/p>\n","protected":false},"author":1,"featured_media":0,"parent":0,"menu_order":0,"comment_status":"closed","ping_status":"closed","template":"elementor_header_footer","meta":{"footnotes":""},"class_list":["post-4517","page","type-page","status-publish","hentry"],"_links":{"self":[{"href":"https:\/\/drtkshkoder.com\/en\/wp-json\/wp\/v2\/pages\/4517","targetHints":{"allow":["GET"]}}],"collection":[{"href":"https:\/\/drtkshkoder.com\/en\/wp-json\/wp\/v2\/pages"}],"about":[{"href":"https:\/\/drtkshkoder.com\/en\/wp-json\/wp\/v2\/types\/page"}],"author":[{"embeddable":true,"href":"https:\/\/drtkshkoder.com\/en\/wp-json\/wp\/v2\/users\/1"}],"replies":[{"embeddable":true,"href":"https:\/\/drtkshkoder.com\/en\/wp-json\/wp\/v2\/comments?post=4517"}],"version-history":[{"count":11,"href":"https:\/\/drtkshkoder.com\/en\/wp-json\/wp\/v2\/pages\/4517\/revisions"}],"predecessor-version":[{"id":4590,"href":"https:\/\/drtkshkoder.com\/en\/wp-json\/wp\/v2\/pages\/4517\/revisions\/4590"}],"wp:attachment":[{"href":"https:\/\/drtkshkoder.com\/en\/wp-json\/wp\/v2\/media?parent=4517"}],"curies":[{"name":"wp","href":"https:\/\/api.w.org\/{rel}","templated":true}]}}