{"id":4534,"date":"2026-02-11T20:21:57","date_gmt":"2026-02-11T20:21:57","guid":{"rendered":"https:\/\/drtkshkoder.com\/?page_id=4534"},"modified":"2026-02-11T21:16:32","modified_gmt":"2026-02-11T21:16:32","slug":"cv-te-dhe-pagat-e-nenpunesve-qe-jane-subjekt-deklarimi-sipas-ligjit","status":"publish","type":"page","link":"https:\/\/drtkshkoder.com\/en\/cv-te-dhe-pagat-e-nenpunesve-qe-jane-subjekt-deklarimi-sipas-ligjit\/","title":{"rendered":"Cv-te dhe pagat e nenpunesve"},"content":{"rendered":"<div data-elementor-type=\"wp-page\" data-elementor-id=\"4534\" class=\"elementor elementor-4534\">\n\t\t\t\t<div class=\"elementor-element elementor-element-39295fc e-flex e-con-boxed e-con e-parent\" data-id=\"39295fc\" data-element_type=\"container\" data-e-type=\"container\" data-settings=\"{&quot;jet_parallax_layout_list&quot;:[]}\">\n\t\t\t\t\t<div class=\"e-con-inner\">\n\t\t\t\t<div class=\"elementor-element elementor-element-1ce8b87 elementor-widget elementor-widget-heading\" data-id=\"1ce8b87\" data-element_type=\"widget\" data-e-type=\"widget\" data-widget_type=\"heading.default\">\n\t\t\t\t\t<h4 class=\"elementor-heading-title elementor-size-default\">CV-t\u00eb dhe pagat e n\u00ebnpun\u00ebsve q\u00eb jan\u00eb subjekt deklarimi sipas ligjit<\/h4>\t\t\t\t<\/div>\n\t\t\t\t\t<\/div>\n\t\t\t\t<\/div>\n\t\t<div class=\"elementor-element elementor-element-2d67083 e-flex e-con-boxed e-con e-parent\" data-id=\"2d67083\" data-element_type=\"container\" data-e-type=\"container\" data-settings=\"{&quot;jet_parallax_layout_list&quot;:[]}\">\n\t\t\t\t\t<div class=\"e-con-inner\">\n\t\t\t\t<div class=\"elementor-element elementor-element-d20c07b elementor-widget elementor-widget-spacer\" data-id=\"d20c07b\" data-element_type=\"widget\" data-e-type=\"widget\" data-widget_type=\"spacer.default\">\n\t\t\t\t\t\t\t<div class=\"elementor-spacer\">\n\t\t\t<div class=\"elementor-spacer-inner\"><\/div>\n\t\t<\/div>\n\t\t\t\t\t\t<\/div>\n\t\t\t\t\t<\/div>\n\t\t\t\t<\/div>\n\t\t<div class=\"elementor-element elementor-element-b3aa87b e-flex e-con-boxed e-con e-parent\" data-id=\"b3aa87b\" data-element_type=\"container\" data-e-type=\"container\" data-settings=\"{&quot;jet_parallax_layout_list&quot;:[]}\">\n\t\t\t\t\t<div class=\"e-con-inner\">\n\t\t\t\t<div class=\"elementor-element elementor-element-7cb4819 elementor-widget elementor-widget-text-editor\" data-id=\"7cb4819\" data-element_type=\"widget\" data-e-type=\"widget\" data-widget_type=\"text-editor.default\">\n\t\t\t\t\t\t\t\t\t<p>Z. Helidon Sokoli q\u00eb prej muajit Gusht 2025 mban detyr\u00ebn e Drejtorit t\u00eb Drejtoris\u00eb Rajonale t\u00eb<br \/>Trash\u00ebgimis\u00eb Kulturore Shkod\u00ebr.<br \/>M\u00eb her\u00ebt ka mbajtur pozicionin e P\u00ebrgjegj\u00ebsit t\u00eb sektorit t\u00eb Parkut Arkeologjik (Rozafa, Lezha),<br \/>q\u00eb nga viti 2013. Gjat\u00eb viteve 2005-2013 ka mbajtur pozicionin e arkeologut n\u00eb institucionin e<br \/>Zonave Arkeologjike t\u00eb Konservimit t\u00eb Parqeve Arkeologjike.<br \/>Ka p\u00ebrfunduar me sukses studimet n\u00eb deg\u00ebn Histori-Gjeografi dhe kursin e restaurimin e gurit<br \/>dhe mermerit q\u00eb \u00ebsht\u00eb zhvilluar n\u00eb Qendr\u00ebn e Konservimit dhe Restaurimit t\u00eb hapur nga<br \/>UNESCO.<br \/>P\u00ebrgjate me shume\u00ebse 20 viteve ne karrieren e tij profesionale ka qen\u00eb pjes\u00eb e shum\u00eb grupeve t\u00eb<br \/>pun\u00ebs si mbik\u00ebqyr\u00ebs arkeolog. Prej 15 vitesh ka qen\u00eb an\u00ebtar i 2 misioneve arkeologjike n\u00eb<br \/>rajonin e Shkodr\u00ebs, misionit shqiptaro-francez dhe shqiptaro-polak. Po ashtu p\u00ebr 5 vite ka qen\u00eb<br \/>asistent i fondacionit Albania Heritage Foundation.<br \/>N\u00eb statusin e nj\u00eb profesionisti, ai ka ndihmuar n\u00eb mbrojtjen e trash\u00ebgimis\u00eb kulturore dhe t\u00eb siteve<br \/>arkeologjike n\u00eb rajonin e Shkodr\u00ebs.<\/p><p>Zot\u00ebron gjuh\u00eb t\u00eb huaja si Anglisht, Italisht.<\/p>\t\t\t\t\t\t\t\t<\/div>\n\t\t\t\t\t<\/div>\n\t\t\t\t<\/div>\n\t\t\t\t<\/div>","protected":false},"excerpt":{"rendered":"<p>CV-t\u00eb dhe pagat e n\u00ebnpun\u00ebsve q\u00eb jan\u00eb subjekt deklarimi sipas ligjit Z. Helidon Sokoli q\u00eb prej muajit Gusht 2025 mban detyr\u00ebn e Drejtorit t\u00eb Drejtoris\u00eb Rajonale t\u00ebTrash\u00ebgimis\u00eb Kulturore Shkod\u00ebr.M\u00eb her\u00ebt ka mbajtur pozicionin e P\u00ebrgjegj\u00ebsit t\u00eb sektorit t\u00eb Parkut Arkeologjik (Rozafa, Lezha),q\u00eb nga viti 2013. Gjat\u00eb viteve 2005-2013 ka mbajtur pozicionin e arkeologut n\u00eb institucionin [&hellip;]<\/p>\n","protected":false},"author":1,"featured_media":0,"parent":0,"menu_order":0,"comment_status":"closed","ping_status":"closed","template":"elementor_header_footer","meta":{"footnotes":""},"class_list":["post-4534","page","type-page","status-publish","hentry"],"_links":{"self":[{"href":"https:\/\/drtkshkoder.com\/en\/wp-json\/wp\/v2\/pages\/4534","targetHints":{"allow":["GET"]}}],"collection":[{"href":"https:\/\/drtkshkoder.com\/en\/wp-json\/wp\/v2\/pages"}],"about":[{"href":"https:\/\/drtkshkoder.com\/en\/wp-json\/wp\/v2\/types\/page"}],"author":[{"embeddable":true,"href":"https:\/\/drtkshkoder.com\/en\/wp-json\/wp\/v2\/users\/1"}],"replies":[{"embeddable":true,"href":"https:\/\/drtkshkoder.com\/en\/wp-json\/wp\/v2\/comments?post=4534"}],"version-history":[{"count":5,"href":"https:\/\/drtkshkoder.com\/en\/wp-json\/wp\/v2\/pages\/4534\/revisions"}],"predecessor-version":[{"id":4605,"href":"https:\/\/drtkshkoder.com\/en\/wp-json\/wp\/v2\/pages\/4534\/revisions\/4605"}],"wp:attachment":[{"href":"https:\/\/drtkshkoder.com\/en\/wp-json\/wp\/v2\/media?parent=4534"}],"curies":[{"name":"wp","href":"https:\/\/api.w.org\/{rel}","templated":true}]}}