{"id":4544,"date":"2026-02-11T20:32:43","date_gmt":"2026-02-11T20:32:43","guid":{"rendered":"https:\/\/drtkshkoder.com\/?page_id=4544"},"modified":"2026-02-11T21:12:42","modified_gmt":"2026-02-11T21:12:42","slug":"procedura-qe-ndjekin-funksionaret-e-larte-te-ap-per-te-marre-vendime","status":"publish","type":"page","link":"https:\/\/drtkshkoder.com\/en\/procedura-qe-ndjekin-funksionaret-e-larte-te-ap-per-te-marre-vendime\/","title":{"rendered":"Procedurat"},"content":{"rendered":"<div data-elementor-type=\"wp-page\" data-elementor-id=\"4544\" class=\"elementor elementor-4544\">\n\t\t\t\t<div class=\"elementor-element elementor-element-4dd61de e-flex e-con-boxed e-con e-parent\" data-id=\"4dd61de\" data-element_type=\"container\" data-e-type=\"container\" data-settings=\"{&quot;jet_parallax_layout_list&quot;:[]}\">\n\t\t\t\t\t<div class=\"e-con-inner\">\n\t\t\t\t<div class=\"elementor-element elementor-element-a7316d0 elementor-widget elementor-widget-heading\" data-id=\"a7316d0\" data-element_type=\"widget\" data-e-type=\"widget\" data-widget_type=\"heading.default\">\n\t\t\t\t\t<h4 class=\"elementor-heading-title elementor-size-default\">Procedura q\u00eb ndjekin funksionar\u00ebt e lart\u00eb t\u00eb AP p\u00ebr t\u00eb marr\u00eb vendime<\/h4>\t\t\t\t<\/div>\n\t\t\t\t\t<\/div>\n\t\t\t\t<\/div>\n\t\t<div class=\"elementor-element elementor-element-fd6e0e7 e-flex e-con-boxed e-con e-parent\" data-id=\"fd6e0e7\" data-element_type=\"container\" data-e-type=\"container\" data-settings=\"{&quot;jet_parallax_layout_list&quot;:[]}\">\n\t\t\t\t\t<div class=\"e-con-inner\">\n\t\t\t\t<div class=\"elementor-element elementor-element-e16a8dd elementor-widget elementor-widget-spacer\" data-id=\"e16a8dd\" data-element_type=\"widget\" data-e-type=\"widget\" data-widget_type=\"spacer.default\">\n\t\t\t\t\t\t\t<div class=\"elementor-spacer\">\n\t\t\t<div class=\"elementor-spacer-inner\"><\/div>\n\t\t<\/div>\n\t\t\t\t\t\t<\/div>\n\t\t\t\t\t<\/div>\n\t\t\t\t<\/div>\n\t\t<div class=\"elementor-element elementor-element-1f39f5e e-flex e-con-boxed e-con e-parent\" data-id=\"1f39f5e\" data-element_type=\"container\" data-e-type=\"container\" data-settings=\"{&quot;jet_parallax_layout_list&quot;:[]}\">\n\t\t\t\t\t<div class=\"e-con-inner\">\n\t\t\t\t<div class=\"elementor-element elementor-element-3b64d2a elementor-widget elementor-widget-text-editor\" data-id=\"3b64d2a\" data-element_type=\"widget\" data-e-type=\"widget\" data-widget_type=\"text-editor.default\">\n\t\t\t\t\t\t\t\t\t<p>Procedurat q\u00eb ndjekin funkionar\u00ebt e lart\u00eb p\u00ebr t\u00eb marr\u00eb vendime jan\u00eb n\u00eb p\u00ebrputhje me aktet<br \/>ligjore dhe n\u00ebnligjore n\u00eb fuqi. N\u00eb mb\u00ebshtetje t\u00eb ligjit Nr. 90\/2012 \u201cP\u00ebr organizimin dhe<br \/>funksionimin e administrat\u00ebs shtet\u00ebrore\u201d, n\u00ebpun\u00ebsi m\u00eb i lart\u00eb i drejtoris\u00eb \u00ebsht\u00eb Drejtori, i cili<br \/>raporton dhe jep llogari drejtp\u00ebrdrejt te ministri. Drejtori \u00ebsht\u00eb p\u00ebrgjegj\u00ebs p\u00ebr planifikimin,<br \/>drejtimin dhe koordinimin e funksionimit t\u00eb p\u00ebrgjithsh\u00ebm t\u00eb institucionit, \u00cbsht\u00eb p\u00ebrgjegj\u00ebs p\u00ebr<br \/>hartimin n\u00eb bashk\u00ebpunim me sektor\u00ebt dhe zbaton objektivat dhe planin e pun\u00ebs t\u00eb DRTK-s\u00eb, n\u00eb<br \/>p\u00ebrputhje me misionin e saj dhe me politikat, strategjin\u00eb dhe objektivat ministris\u00eb p\u00ebrgjegj\u00ebse<br \/>p\u00ebr trash\u00ebgimin\u00eb kulturore, drejton veprimtarin\u00eb dhe praktikat administrative t\u00eb institucionit dhe<br \/>p\u00ebrfaq\u00ebson DRTK-n\u00eb n\u00eb marr\u00ebdh\u00ebnie me t\u00eb tret\u00ebt, mbik\u00ebqyr dhe menaxhon efektivitetin e<br \/>sektor\u00ebve dhe burimeve njer\u00ebzore, bashk\u00ebrendon proceset e pun\u00ebs s\u00eb sektor\u00ebve dhe orienton<br \/>veprimtarin\u00eb kualifikuese me q\u00ebllim p\u00ebrmir\u00ebsimin e aft\u00ebsive profesionale t\u00eb personelit t\u00eb DRTK<br \/>Shkod\u00ebr, em\u00ebron dhe shkarkon punonj\u00ebsit e institucionit n\u00eb p\u00ebrputhje me ligjin nr.7961, dat\u00eb<br \/>12.07.1995 \u201cKodi i Pun\u00ebs i Republik\u00ebs s\u00eb Shqip\u00ebris\u00eb\u201d, i ndryshuar, n\u00ebnshkruan marr\u00ebveshje me<br \/>institucione dhe organizata vendase dhe t\u00eb huaja, pas miratimit n\u00eb parim, t\u00eb ministris\u00eb<br \/>p\u00ebrgjegj\u00ebse p\u00ebr trash\u00ebgimin\u00eb kulturore q\u00eb synojn\u00eb bashk\u00ebpunim t\u00eb nd\u00ebrsjell\u00ebt, projektet dhe<br \/>aktivitete t\u00eb p\u00ebrbashk\u00ebta si dhe shk\u00ebmbime dhe kualifikime t\u00eb personelit. Kompetencat dhe<br \/>detyrat e titullarit ushtrohen ne perputhje me Ligjin nr. 7961, dat\u00eb 12.07.1995 \u201cKodi i Pun\u00ebs i<br \/>Republik\u00ebs s\u00eb Shqip\u00ebris\u00eb\u201d, i ndryshuar, ligjin Nr. 90\/2012 \u201cP\u00ebr organizimin dhe funksionimin e<br \/>administrat\u00ebs shtet\u00ebrore\u201d, ligjin Nr.44\/20215 \u201cKodi i procedurave administrative i Republik\u00ebs s\u00eb<br \/>Shqiperise\u201d, si dhe \u00e7do legjislacion n\u00eb fuqi p\u00ebr aq sa \u00ebsht\u00eb i zbatuesh\u00ebm. Lidhur me procedurat e<br \/>zgjedhjes se tyre zbatohen dispozitat ligjore t\u00eb Ligjin nr. 7961, dat\u00eb 12.07.1995 \u201cKodi i Pun\u00ebs i<br \/>Republik\u00ebs s\u00eb Shqip\u00ebris\u00eb\u201d, dhe aktet n\u00ebnligjore t\u00eb nxjerra n\u00eb baz\u00eb dhe p\u00ebr zbatim t\u00eb tij.<\/p>\t\t\t\t\t\t\t\t<\/div>\n\t\t\t\t\t<\/div>\n\t\t\t\t<\/div>\n\t\t\t\t<\/div>","protected":false},"excerpt":{"rendered":"<p>Procedura q\u00eb ndjekin funksionar\u00ebt e lart\u00eb t\u00eb AP p\u00ebr t\u00eb marr\u00eb vendime Procedurat q\u00eb ndjekin funkionar\u00ebt e lart\u00eb p\u00ebr t\u00eb marr\u00eb vendime jan\u00eb n\u00eb p\u00ebrputhje me aktetligjore dhe n\u00ebnligjore n\u00eb fuqi. N\u00eb mb\u00ebshtetje t\u00eb ligjit Nr. 90\/2012 \u201cP\u00ebr organizimin dhefunksionimin e administrat\u00ebs shtet\u00ebrore\u201d, n\u00ebpun\u00ebsi m\u00eb i lart\u00eb i drejtoris\u00eb \u00ebsht\u00eb Drejtori, i ciliraporton dhe jep [&hellip;]<\/p>\n","protected":false},"author":1,"featured_media":0,"parent":0,"menu_order":0,"comment_status":"closed","ping_status":"closed","template":"elementor_header_footer","meta":{"footnotes":""},"class_list":["post-4544","page","type-page","status-publish","hentry"],"_links":{"self":[{"href":"https:\/\/drtkshkoder.com\/en\/wp-json\/wp\/v2\/pages\/4544","targetHints":{"allow":["GET"]}}],"collection":[{"href":"https:\/\/drtkshkoder.com\/en\/wp-json\/wp\/v2\/pages"}],"about":[{"href":"https:\/\/drtkshkoder.com\/en\/wp-json\/wp\/v2\/types\/page"}],"author":[{"embeddable":true,"href":"https:\/\/drtkshkoder.com\/en\/wp-json\/wp\/v2\/users\/1"}],"replies":[{"embeddable":true,"href":"https:\/\/drtkshkoder.com\/en\/wp-json\/wp\/v2\/comments?post=4544"}],"version-history":[{"count":5,"href":"https:\/\/drtkshkoder.com\/en\/wp-json\/wp\/v2\/pages\/4544\/revisions"}],"predecessor-version":[{"id":4600,"href":"https:\/\/drtkshkoder.com\/en\/wp-json\/wp\/v2\/pages\/4544\/revisions\/4600"}],"wp:attachment":[{"href":"https:\/\/drtkshkoder.com\/en\/wp-json\/wp\/v2\/media?parent=4544"}],"curies":[{"name":"wp","href":"https:\/\/api.w.org\/{rel}","templated":true}]}}