{"id":4553,"date":"2026-02-11T20:37:03","date_gmt":"2026-02-11T20:37:03","guid":{"rendered":"https:\/\/drtkshkoder.com\/?page_id=4553"},"modified":"2026-02-11T21:15:43","modified_gmt":"2026-02-11T21:15:43","slug":"procedurat-dhe-mekanizmat-per-te-bere-kerkese-dhe-ankese","status":"publish","type":"page","link":"https:\/\/drtkshkoder.com\/en\/procedurat-dhe-mekanizmat-per-te-bere-kerkese-dhe-ankese\/","title":{"rendered":"Procedurat"},"content":{"rendered":"<div data-elementor-type=\"wp-page\" data-elementor-id=\"4553\" class=\"elementor elementor-4553\">\n\t\t\t\t<div class=\"elementor-element elementor-element-3c5e40e e-flex e-con-boxed e-con e-parent\" data-id=\"3c5e40e\" data-element_type=\"container\" data-e-type=\"container\" data-settings=\"{&quot;jet_parallax_layout_list&quot;:[]}\">\n\t\t\t\t\t<div class=\"e-con-inner\">\n\t\t\t\t<div class=\"elementor-element elementor-element-94842f9 elementor-widget elementor-widget-heading\" data-id=\"94842f9\" data-element_type=\"widget\" data-e-type=\"widget\" data-widget_type=\"heading.default\">\n\t\t\t\t\t<h4 class=\"elementor-heading-title elementor-size-default\">Procedurat dhe mekanizmat p\u00ebr t\u00eb b\u00ebr\u00eb k\u00ebrkes\u00eb dhe ankes\u00eb<\/h4>\t\t\t\t<\/div>\n\t\t\t\t\t<\/div>\n\t\t\t\t<\/div>\n\t\t<div class=\"elementor-element elementor-element-de4c5af e-flex e-con-boxed e-con e-parent\" data-id=\"de4c5af\" data-element_type=\"container\" data-e-type=\"container\" data-settings=\"{&quot;jet_parallax_layout_list&quot;:[]}\">\n\t\t\t\t\t<div class=\"e-con-inner\">\n\t\t\t\t<div class=\"elementor-element elementor-element-2619b0d elementor-widget elementor-widget-spacer\" data-id=\"2619b0d\" data-element_type=\"widget\" data-e-type=\"widget\" data-widget_type=\"spacer.default\">\n\t\t\t\t\t\t\t<div class=\"elementor-spacer\">\n\t\t\t<div class=\"elementor-spacer-inner\"><\/div>\n\t\t<\/div>\n\t\t\t\t\t\t<\/div>\n\t\t\t\t\t<\/div>\n\t\t\t\t<\/div>\n\t\t<div class=\"elementor-element elementor-element-d2a0b06 e-flex e-con-boxed e-con e-parent\" data-id=\"d2a0b06\" data-element_type=\"container\" data-e-type=\"container\" data-settings=\"{&quot;jet_parallax_layout_list&quot;:[]}\">\n\t\t\t\t\t<div class=\"e-con-inner\">\n\t\t\t\t<div class=\"elementor-element elementor-element-1f50812 elementor-widget elementor-widget-text-editor\" data-id=\"1f50812\" data-element_type=\"widget\" data-e-type=\"widget\" data-widget_type=\"text-editor.default\">\n\t\t\t\t\t\t\t\t\t<p>Procedurat dhe mekanizmat p\u00ebr t\u00eb b\u00ebr\u00eb k\u00ebrkes\u00eb dhe ankes\u00eb q\u00eb lidhen me veprimet ose<br \/>mosveprimet e DRTK SHKOD\u00cbR. \u00c7do person g\u00ebzon t\u00eb drejt\u00ebn e njohjes s\u00eb nj\u00eb informacioni publik apo t\u00eb nj\u00eb ankese drejtuar autoriteteve publike, ne p\u00ebrputhje me parashikimet e legjislacionit te zbatuesh\u00ebm. N\u00eb Drejtorin\u00eb Rajonale t\u00eb Trash\u00ebgimis\u00eb Kulturore Shkod\u00ebr,Ministrin\u00eb e Turizmit, Kultur\u00ebs p\u00ebr d\u00ebrgimin e nj\u00eb k\u00ebrkese ose ankese duhet t\u00eb p\u00ebrdoret adresa postare, si m\u00eb posht\u00eb:<br \/>Drejtoria Rajonale e Trash\u00ebgimis\u00eb Kulturore Shkod\u00ebr,<br \/>(A):\u00a0Rruga: \u201cMarin Be\u00e7ikemi\u201d, Sheshi \u201cGjon Pali II\u201d, Shkod\u00ebr 4001;<br \/>(W): www.drtkshkoder.com<br \/>(E): drtkshkoder@meki.gov.al<br \/>Koordinator p\u00ebr t\u00eb drejt\u00ebn e informimit: Samina Kraja (E): samina.kraja@drtkshkoder.gov.al<br \/>Afatet dhe m\u00ebnyrat e kthimit t\u00eb p\u00ebrgjigjeve kryhet brenda afateve ligjore t\u00eb parashikuara nga legjislacioni n\u00eb fuqi, Ligji nr. 119\/2014 \u201cP\u00ebr t\u00eb drejt\u00ebn e informimit\u201d.<\/p>\t\t\t\t\t\t\t\t<\/div>\n\t\t\t\t\t<\/div>\n\t\t\t\t<\/div>\n\t\t\t\t<\/div>","protected":false},"excerpt":{"rendered":"<p>Procedurat dhe mekanizmat p\u00ebr t\u00eb b\u00ebr\u00eb k\u00ebrkes\u00eb dhe ankes\u00eb Procedurat dhe mekanizmat p\u00ebr t\u00eb b\u00ebr\u00eb k\u00ebrkes\u00eb dhe ankes\u00eb q\u00eb lidhen me veprimet osemosveprimet e DRTK SHKOD\u00cbR. \u00c7do person g\u00ebzon t\u00eb drejt\u00ebn e njohjes s\u00eb nj\u00eb informacioni publik apo t\u00eb nj\u00eb ankese drejtuar autoriteteve publike, ne p\u00ebrputhje me parashikimet e legjislacionit te zbatuesh\u00ebm. N\u00eb Drejtorin\u00eb Rajonale [&hellip;]<\/p>\n","protected":false},"author":1,"featured_media":0,"parent":0,"menu_order":0,"comment_status":"closed","ping_status":"closed","template":"elementor_header_footer","meta":{"footnotes":""},"class_list":["post-4553","page","type-page","status-publish","hentry"],"_links":{"self":[{"href":"https:\/\/drtkshkoder.com\/en\/wp-json\/wp\/v2\/pages\/4553","targetHints":{"allow":["GET"]}}],"collection":[{"href":"https:\/\/drtkshkoder.com\/en\/wp-json\/wp\/v2\/pages"}],"about":[{"href":"https:\/\/drtkshkoder.com\/en\/wp-json\/wp\/v2\/types\/page"}],"author":[{"embeddable":true,"href":"https:\/\/drtkshkoder.com\/en\/wp-json\/wp\/v2\/users\/1"}],"replies":[{"embeddable":true,"href":"https:\/\/drtkshkoder.com\/en\/wp-json\/wp\/v2\/comments?post=4553"}],"version-history":[{"count":5,"href":"https:\/\/drtkshkoder.com\/en\/wp-json\/wp\/v2\/pages\/4553\/revisions"}],"predecessor-version":[{"id":4604,"href":"https:\/\/drtkshkoder.com\/en\/wp-json\/wp\/v2\/pages\/4553\/revisions\/4604"}],"wp:attachment":[{"href":"https:\/\/drtkshkoder.com\/en\/wp-json\/wp\/v2\/media?parent=4553"}],"curies":[{"name":"wp","href":"https:\/\/api.w.org\/{rel}","templated":true}]}}