{"id":4558,"date":"2026-02-11T20:39:15","date_gmt":"2026-02-11T20:39:15","guid":{"rendered":"https:\/\/drtkshkoder.com\/?page_id=4558"},"modified":"2026-02-11T20:53:10","modified_gmt":"2026-02-11T20:53:10","slug":"akte-nenligjore","status":"publish","type":"page","link":"https:\/\/drtkshkoder.com\/en\/akte-nenligjore\/","title":{"rendered":"akte nenligjore"},"content":{"rendered":"<div data-elementor-type=\"wp-page\" data-elementor-id=\"4558\" class=\"elementor elementor-4558\">\n\t\t\t\t<div class=\"elementor-element elementor-element-7112701 e-flex e-con-boxed e-con e-parent\" data-id=\"7112701\" data-element_type=\"container\" data-e-type=\"container\" data-settings=\"{&quot;jet_parallax_layout_list&quot;:[]}\">\n\t\t\t\t\t<div class=\"e-con-inner\">\n\t\t\t\t<div class=\"elementor-element elementor-element-c787ff5 elementor-icon-list--layout-traditional elementor-list-item-link-full_width elementor-widget elementor-widget-icon-list\" data-id=\"c787ff5\" data-element_type=\"widget\" data-e-type=\"widget\" data-widget_type=\"icon-list.default\">\n\t\t\t\t\t\t\t<ul class=\"elementor-icon-list-items\">\n\t\t\t\t\t\t\t<li class=\"elementor-icon-list-item\">\n\t\t\t\t\t\t\t\t\t\t\t<a href=\"https:\/\/drtkshkoder.com\/wp-content\/uploads\/2026\/02\/Vendim-nr.425-date-27.05.2020.pdf\">\n\n\t\t\t\t\t\t\t\t\t\t\t\t<span class=\"elementor-icon-list-icon\">\n\t\t\t\t\t\t\t<svg aria-hidden=\"true\" class=\"e-font-icon-svg e-fas-dot-circle\" viewbox=\"0 0 512 512\" xmlns=\"http:\/\/www.w3.org\/2000\/svg\"><path d=\"M256 8C119.033 8 8 119.033 8 256s111.033 248 248 248 248-111.033 248-248S392.967 8 256 8zm80 248c0 44.112-35.888 80-80 80s-80-35.888-80-80 35.888-80 80-80 80 35.888 80 80z\"><\/path><\/svg>\t\t\t\t\t\t<\/span>\n\t\t\t\t\t\t\t\t\t\t<span class=\"elementor-icon-list-text\">VENDIM Nr. 425, dat\u00eb 27.5.2020 P\u00cbR PROCEDURAT E P\u00cbRZGJEDHJES S\u00cb SUBJEKTEVE T\u00cb PAJISURA ME LICENC\u00cb P\u00cbR PROJEKTIM, ZBATIM, MBIK\u00cbQYRJE DHE KOLAUDIM N\u00cb PASURIT\u00cb KULTURORE, P\u00cbR KRYERJEN E INVESTIMEVE ME FONDE  PUBLIKE N\u00cb PASURIT\u00cb KULTURORE<\/span>\n\t\t\t\t\t\t\t\t\t\t\t<\/a>\n\t\t\t\t\t\t\t\t\t<\/li>\n\t\t\t\t\t\t\t\t<li class=\"elementor-icon-list-item\">\n\t\t\t\t\t\t\t\t\t\t\t<a href=\"https:\/\/drtkshkoder.com\/wp-content\/uploads\/2026\/02\/Vendim-nr.1099-date-24.12.2020.pdf\">\n\n\t\t\t\t\t\t\t\t\t\t\t\t<span class=\"elementor-icon-list-icon\">\n\t\t\t\t\t\t\t<svg aria-hidden=\"true\" class=\"e-font-icon-svg e-fas-dot-circle\" viewbox=\"0 0 512 512\" xmlns=\"http:\/\/www.w3.org\/2000\/svg\"><path d=\"M256 8C119.033 8 8 119.033 8 256s111.033 248 248 248 248-111.033 248-248S392.967 8 256 8zm80 248c0 44.112-35.888 80-80 80s-80-35.888-80-80 35.888-80 80-80 80 35.888 80 80z\"><\/path><\/svg>\t\t\t\t\t\t<\/span>\n\t\t\t\t\t\t\t\t\t\t<span class=\"elementor-icon-list-text\">VENDIM Nr. 1099, dat\u00eb 24.12.2020 P\u00cbR MIRATIMIN E M\u00cbNYRAVE T\u00cb TRAJTIMIT, NORMAVE TEKNIKE, KRITEREVE DHE MODELEVE T\u00cb ND\u00cbRHYRJEVE N\u00cb FUSH\u00cbN E RUAJTJES  S\u00cb PASURIVE KULTURORE<\/span>\n\t\t\t\t\t\t\t\t\t\t\t<\/a>\n\t\t\t\t\t\t\t\t\t<\/li>\n\t\t\t\t\t\t\t\t<li class=\"elementor-icon-list-item\">\n\t\t\t\t\t\t\t\t\t\t\t<a href=\"https:\/\/drtkshkoder.com\/wp-content\/uploads\/2026\/02\/Vendim-nr.771-date-30.09.2020.pdf\">\n\n\t\t\t\t\t\t\t\t\t\t\t\t<span class=\"elementor-icon-list-icon\">\n\t\t\t\t\t\t\t<svg aria-hidden=\"true\" class=\"e-font-icon-svg e-fas-dot-circle\" viewbox=\"0 0 512 512\" xmlns=\"http:\/\/www.w3.org\/2000\/svg\"><path d=\"M256 8C119.033 8 8 119.033 8 256s111.033 248 248 248 248-111.033 248-248S392.967 8 256 8zm80 248c0 44.112-35.888 80-80 80s-80-35.888-80-80 35.888-80 80-80 80 35.888 80 80z\"><\/path><\/svg>\t\t\t\t\t\t<\/span>\n\t\t\t\t\t\t\t\t\t\t<span class=\"elementor-icon-list-text\">VENDIM Nr. 771, dat\u00eb 30.9.2020 P\u00cbR DEKLARIMIN PASURI KULTURORE T\u00cb \u201cQENDR\u00cbS HISTORIKE\u201d T\u00cb QYTETIT T\u00cb SHKODR\u00cbS, P\u00cbRCAKTIMIN E ZON\u00cbS MBROJT\u00cbSE T\u00cb SAJ DHE MIRATIMIN E PLANIT P\u00cbR RUAJTJEN, MBROJTJEN DHE ADMINISTRIMIN E  TYRE<\/span>\n\t\t\t\t\t\t\t\t\t\t\t<\/a>\n\t\t\t\t\t\t\t\t\t<\/li>\n\t\t\t\t\t\t\t\t<li class=\"elementor-icon-list-item\">\n\t\t\t\t\t\t\t\t\t\t\t<a href=\"https:\/\/drtkshkoder.com\/wp-content\/uploads\/2026\/02\/Vendim-nr.733-date-08.12.2017.pdf\">\n\n\t\t\t\t\t\t\t\t\t\t\t\t<span class=\"elementor-icon-list-icon\">\n\t\t\t\t\t\t\t<svg aria-hidden=\"true\" class=\"e-font-icon-svg e-fas-dot-circle\" viewbox=\"0 0 512 512\" xmlns=\"http:\/\/www.w3.org\/2000\/svg\"><path d=\"M256 8C119.033 8 8 119.033 8 256s111.033 248 248 248 248-111.033 248-248S392.967 8 256 8zm80 248c0 44.112-35.888 80-80 80s-80-35.888-80-80 35.888-80 80-80 80 35.888 80 80z\"><\/path><\/svg>\t\t\t\t\t\t<\/span>\n\t\t\t\t\t\t\t\t\t\t<span class=\"elementor-icon-list-text\">VENDIM Nr. 733, dat\u00eb 8.12.2017 P\u00cbR SHPALLJEN E QENDR\u00cbS HISTORIKE T\u00cb FSHATIT THETH, SHKOD\u00cbR E T\u00cb  ZON\u00cbS S\u00cb MBROJTUR P\u00cbRRETH SAJ DHE MIRATIMIN E RREGULLORES P\u00cbR ADMINISTRIMIN  E SAJ<\/span>\n\t\t\t\t\t\t\t\t\t\t\t<\/a>\n\t\t\t\t\t\t\t\t\t<\/li>\n\t\t\t\t\t\t\t\t<li class=\"elementor-icon-list-item\">\n\t\t\t\t\t\t\t\t\t\t\t<a href=\"https:\/\/drtkshkoder.com\/wp-content\/uploads\/2026\/02\/Vendim-nr.1125-date-30.12.2020.pdf\">\n\n\t\t\t\t\t\t\t\t\t\t\t\t<span class=\"elementor-icon-list-icon\">\n\t\t\t\t\t\t\t<svg aria-hidden=\"true\" class=\"e-font-icon-svg e-fas-dot-circle\" viewbox=\"0 0 512 512\" xmlns=\"http:\/\/www.w3.org\/2000\/svg\"><path d=\"M256 8C119.033 8 8 119.033 8 256s111.033 248 248 248 248-111.033 248-248S392.967 8 256 8zm80 248c0 44.112-35.888 80-80 80s-80-35.888-80-80 35.888-80 80-80 80 35.888 80 80z\"><\/path><\/svg>\t\t\t\t\t\t<\/span>\n\t\t\t\t\t\t\t\t\t\t<span class=\"elementor-icon-list-text\">VENDIM Nr. 1125, dat\u00eb 30.12.2020 P\u00cbR MIRATIMIN E RREGULLAVE T\u00cb PROJEKTIMIT, ZBATIMIT T\u00cb PUNIMEVE T\u00cb ND\u00cbRHYRJEVE RUAJT\u00cbSE E MBROJT\u00cbSE N\u00cb PASURIT\u00cb KULTURORE MATERIALE, MBIK\u00cbQYRJES DHE KOLAUDIMIT T\u00cb TYRE<\/span>\n\t\t\t\t\t\t\t\t\t\t\t<\/a>\n\t\t\t\t\t\t\t\t\t<\/li>\n\t\t\t\t\t\t\t\t<li class=\"elementor-icon-list-item\">\n\t\t\t\t\t\t\t\t\t\t\t<a href=\"https:\/\/drtkshkoder.com\/wp-content\/uploads\/2026\/02\/Vendim-nr.728-date-01.09.2010.pdf\">\n\n\t\t\t\t\t\t\t\t\t\t\t\t<span class=\"elementor-icon-list-icon\">\n\t\t\t\t\t\t\t<svg aria-hidden=\"true\" class=\"e-font-icon-svg e-fas-dot-circle\" viewbox=\"0 0 512 512\" xmlns=\"http:\/\/www.w3.org\/2000\/svg\"><path d=\"M256 8C119.033 8 8 119.033 8 256s111.033 248 248 248 248-111.033 248-248S392.967 8 256 8zm80 248c0 44.112-35.888 80-80 80s-80-35.888-80-80 35.888-80 80-80 80 35.888 80 80z\"><\/path><\/svg>\t\t\t\t\t\t<\/span>\n\t\t\t\t\t\t\t\t\t\t<span class=\"elementor-icon-list-text\">VENDIM Nr.728, dat\u00eb 1.9.2010  P\u00cbR SHPALLJEN E ZONAVE ARKEOLOGJIKE \u201cA\u201d E \u201cB\u201d T\u00cb QYTETIT T\u00cb LEZH\u00cbS  DHE MIRATIMIN E RREGULLORES S\u00cb ADMINISTRIMIT<\/span>\n\t\t\t\t\t\t\t\t\t\t\t<\/a>\n\t\t\t\t\t\t\t\t\t<\/li>\n\t\t\t\t\t\t<\/ul>\n\t\t\t\t\t\t<\/div>\n\t\t\t\t\t<\/div>\n\t\t\t\t<\/div>\n\t\t\t\t<\/div>","protected":false},"excerpt":{"rendered":"<p>VENDIM Nr. 425, dat\u00eb 27.5.2020 P\u00cbR PROCEDURAT E P\u00cbRZGJEDHJES S\u00cb SUBJEKTEVE T\u00cb PAJISURA ME LICENC\u00cb P\u00cbR PROJEKTIM, ZBATIM, MBIK\u00cbQYRJE DHE KOLAUDIM N\u00cb PASURIT\u00cb KULTURORE, P\u00cbR KRYERJEN E INVESTIMEVE ME FONDE PUBLIKE N\u00cb PASURIT\u00cb KULTURORE VENDIM Nr. 1099, dat\u00eb 24.12.2020 P\u00cbR MIRATIMIN E M\u00cbNYRAVE T\u00cb TRAJTIMIT, NORMAVE TEKNIKE, KRITEREVE DHE MODELEVE T\u00cb ND\u00cbRHYRJEVE N\u00cb FUSH\u00cbN E [&hellip;]<\/p>\n","protected":false},"author":1,"featured_media":0,"parent":0,"menu_order":0,"comment_status":"closed","ping_status":"closed","template":"elementor_header_footer","meta":{"footnotes":""},"class_list":["post-4558","page","type-page","status-publish","hentry"],"_links":{"self":[{"href":"https:\/\/drtkshkoder.com\/en\/wp-json\/wp\/v2\/pages\/4558","targetHints":{"allow":["GET"]}}],"collection":[{"href":"https:\/\/drtkshkoder.com\/en\/wp-json\/wp\/v2\/pages"}],"about":[{"href":"https:\/\/drtkshkoder.com\/en\/wp-json\/wp\/v2\/types\/page"}],"author":[{"embeddable":true,"href":"https:\/\/drtkshkoder.com\/en\/wp-json\/wp\/v2\/users\/1"}],"replies":[{"embeddable":true,"href":"https:\/\/drtkshkoder.com\/en\/wp-json\/wp\/v2\/comments?post=4558"}],"version-history":[{"count":5,"href":"https:\/\/drtkshkoder.com\/en\/wp-json\/wp\/v2\/pages\/4558\/revisions"}],"predecessor-version":[{"id":4565,"href":"https:\/\/drtkshkoder.com\/en\/wp-json\/wp\/v2\/pages\/4558\/revisions\/4565"}],"wp:attachment":[{"href":"https:\/\/drtkshkoder.com\/en\/wp-json\/wp\/v2\/media?parent=4558"}],"curies":[{"name":"wp","href":"https:\/\/api.w.org\/{rel}","templated":true}]}}