{"id":4792,"date":"2026-02-25T12:33:14","date_gmt":"2026-02-25T12:33:14","guid":{"rendered":"https:\/\/drtkshkoder.com\/?page_id=4792"},"modified":"2026-02-25T12:39:33","modified_gmt":"2026-02-25T12:39:33","slug":"ndihma-shoqerore-subvencione-te-dhena-nga-ap","status":"publish","type":"page","link":"https:\/\/drtkshkoder.com\/en\/ndihma-shoqerore-subvencione-te-dhena-nga-ap\/","title":{"rendered":"Ndihma shoq\u00ebrore\/subvencione t\u00eb dh\u00ebna nga AP"},"content":{"rendered":"<div data-elementor-type=\"wp-page\" data-elementor-id=\"4792\" class=\"elementor elementor-4792\">\n\t\t\t\t<div class=\"elementor-element elementor-element-f60f2d7 e-flex e-con-boxed e-con e-parent\" data-id=\"f60f2d7\" data-element_type=\"container\" data-e-type=\"container\" data-settings=\"{&quot;jet_parallax_layout_list&quot;:[]}\">\n\t\t\t\t\t<div class=\"e-con-inner\">\n\t\t\t\t<div class=\"elementor-element elementor-element-140732f elementor-widget elementor-widget-heading\" data-id=\"140732f\" data-element_type=\"widget\" data-e-type=\"widget\" data-widget_type=\"heading.default\">\n\t\t\t\t\t<h4 class=\"elementor-heading-title elementor-size-default\">Ndihma shoq\u00ebrore\/subvencione t\u00eb dh\u00ebna nga AP<\/h4>\t\t\t\t<\/div>\n\t\t\t\t\t<\/div>\n\t\t\t\t<\/div>\n\t\t<div class=\"elementor-element elementor-element-daeb519 e-flex e-con-boxed e-con e-parent\" data-id=\"daeb519\" data-element_type=\"container\" data-e-type=\"container\" data-settings=\"{&quot;jet_parallax_layout_list&quot;:[]}\">\n\t\t\t\t\t<div class=\"e-con-inner\">\n\t\t\t\t<div class=\"elementor-element elementor-element-fcd97bf elementor-widget elementor-widget-spacer\" data-id=\"fcd97bf\" data-element_type=\"widget\" data-e-type=\"widget\" data-widget_type=\"spacer.default\">\n\t\t\t\t\t\t\t<div class=\"elementor-spacer\">\n\t\t\t<div class=\"elementor-spacer-inner\"><\/div>\n\t\t<\/div>\n\t\t\t\t\t\t<\/div>\n\t\t\t\t\t<\/div>\n\t\t\t\t<\/div>\n\t\t<div class=\"elementor-element elementor-element-c22ec34 e-flex e-con-boxed e-con e-parent\" data-id=\"c22ec34\" data-element_type=\"container\" data-e-type=\"container\" data-settings=\"{&quot;jet_parallax_layout_list&quot;:[]}\">\n\t\t\t\t\t<div class=\"e-con-inner\">\n\t\t\t\t<div class=\"elementor-element elementor-element-7326c7f elementor-widget elementor-widget-heading\" data-id=\"7326c7f\" data-element_type=\"widget\" data-e-type=\"widget\" data-widget_type=\"heading.default\">\n\t\t\t\t\t<div class=\"elementor-heading-title elementor-size-default\">DRTK Shkod\u00ebr nuk ofron ndihma shoq\u00ebrore\/subvencione sipas fush\u00ebs s\u00eb p\u00ebrgjegj\u00ebsis\u00eb<\/div>\t\t\t\t<\/div>\n\t\t\t\t\t<\/div>\n\t\t\t\t<\/div>\n\t\t\t\t<\/div>","protected":false},"excerpt":{"rendered":"<p>Ndihma shoq\u00ebrore\/subvencione t\u00eb dh\u00ebna nga AP DRTK Shkod\u00ebr nuk ofron ndihma shoq\u00ebrore\/subvencione sipas fush\u00ebs s\u00eb p\u00ebrgjegj\u00ebsis\u00eb<\/p>","protected":false},"author":1,"featured_media":0,"parent":0,"menu_order":0,"comment_status":"closed","ping_status":"closed","template":"elementor_header_footer","meta":{"footnotes":""},"class_list":["post-4792","page","type-page","status-publish","hentry"],"_links":{"self":[{"href":"https:\/\/drtkshkoder.com\/en\/wp-json\/wp\/v2\/pages\/4792","targetHints":{"allow":["GET"]}}],"collection":[{"href":"https:\/\/drtkshkoder.com\/en\/wp-json\/wp\/v2\/pages"}],"about":[{"href":"https:\/\/drtkshkoder.com\/en\/wp-json\/wp\/v2\/types\/page"}],"author":[{"embeddable":true,"href":"https:\/\/drtkshkoder.com\/en\/wp-json\/wp\/v2\/users\/1"}],"replies":[{"embeddable":true,"href":"https:\/\/drtkshkoder.com\/en\/wp-json\/wp\/v2\/comments?post=4792"}],"version-history":[{"count":4,"href":"https:\/\/drtkshkoder.com\/en\/wp-json\/wp\/v2\/pages\/4792\/revisions"}],"predecessor-version":[{"id":4800,"href":"https:\/\/drtkshkoder.com\/en\/wp-json\/wp\/v2\/pages\/4792\/revisions\/4800"}],"wp:attachment":[{"href":"https:\/\/drtkshkoder.com\/en\/wp-json\/wp\/v2\/media?parent=4792"}],"curies":[{"name":"wp","href":"https:\/\/api.w.org\/{rel}","templated":true}]}}