{"id":4805,"date":"2026-02-25T12:44:59","date_gmt":"2026-02-25T12:44:59","guid":{"rendered":"https:\/\/drtkshkoder.com\/?page_id=4805"},"modified":"2026-03-14T20:56:24","modified_gmt":"2026-03-14T20:56:24","slug":"regjistri-i-kerkesave-dhe-pergjigjeve","status":"publish","type":"page","link":"https:\/\/drtkshkoder.com\/en\/regjistri-i-kerkesave-dhe-pergjigjeve\/","title":{"rendered":"Regjistri i K\u00ebrkesave dhe P\u00ebrgjigjeve"},"content":{"rendered":"<div data-elementor-type=\"wp-page\" data-elementor-id=\"4805\" class=\"elementor elementor-4805\">\n\t\t\t\t<div class=\"elementor-element elementor-element-68174dc e-flex e-con-boxed e-con e-parent\" data-id=\"68174dc\" data-element_type=\"container\" data-e-type=\"container\" data-settings=\"{&quot;jet_parallax_layout_list&quot;:[]}\">\n\t\t\t\t\t<div class=\"e-con-inner\">\n\t\t\t\t<div class=\"elementor-element elementor-element-473bca4 elementor-widget elementor-widget-heading\" data-id=\"473bca4\" data-element_type=\"widget\" data-e-type=\"widget\" data-widget_type=\"heading.default\">\n\t\t\t\t\t<h4 class=\"elementor-heading-title elementor-size-default\">Regjistri i K\u00ebrkesave dhe P\u00ebrgjigjeve<\/h4>\t\t\t\t<\/div>\n\t\t\t\t\t<\/div>\n\t\t\t\t<\/div>\n\t\t<div class=\"elementor-element elementor-element-6ae692b e-flex e-con-boxed e-con e-parent\" data-id=\"6ae692b\" data-element_type=\"container\" data-e-type=\"container\" data-settings=\"{&quot;jet_parallax_layout_list&quot;:[]}\">\n\t\t\t\t\t<div class=\"e-con-inner\">\n\t\t\t\t<div class=\"elementor-element elementor-element-11d9550 elementor-widget elementor-widget-spacer\" data-id=\"11d9550\" data-element_type=\"widget\" data-e-type=\"widget\" data-widget_type=\"spacer.default\">\n\t\t\t\t\t\t\t<div class=\"elementor-spacer\">\n\t\t\t<div class=\"elementor-spacer-inner\"><\/div>\n\t\t<\/div>\n\t\t\t\t\t\t<\/div>\n\t\t\t\t\t<\/div>\n\t\t\t\t<\/div>\n\t\t<div class=\"elementor-element elementor-element-5cc53da e-flex e-con-boxed e-con e-parent\" data-id=\"5cc53da\" data-element_type=\"container\" data-e-type=\"container\" data-settings=\"{&quot;jet_parallax_layout_list&quot;:[]}\">\n\t\t\t\t\t<div class=\"e-con-inner\">\n\t\t\t\t<div class=\"elementor-element elementor-element-6bb25bc elementor-icon-list--layout-traditional elementor-list-item-link-full_width elementor-widget elementor-widget-icon-list\" data-id=\"6bb25bc\" data-element_type=\"widget\" data-e-type=\"widget\" data-widget_type=\"icon-list.default\">\n\t\t\t\t\t\t\t<ul class=\"elementor-icon-list-items\">\n\t\t\t\t\t\t\t<li class=\"elementor-icon-list-item\">\n\t\t\t\t\t\t\t\t\t\t\t<a href=\"https:\/\/drtkshkoder.com\/wp-content\/uploads\/2026\/02\/REGJISTRI-I-KERKESAVE-DHE-PERGJIGJEVE-2023.docx\">\n\n\t\t\t\t\t\t\t\t\t\t\t\t<span class=\"elementor-icon-list-icon\">\n\t\t\t\t\t\t\t<svg aria-hidden=\"true\" class=\"e-font-icon-svg e-fas-dot-circle\" viewbox=\"0 0 512 512\" xmlns=\"http:\/\/www.w3.org\/2000\/svg\"><path d=\"M256 8C119.033 8 8 119.033 8 256s111.033 248 248 248 248-111.033 248-248S392.967 8 256 8zm80 248c0 44.112-35.888 80-80 80s-80-35.888-80-80 35.888-80 80-80 80 35.888 80 80z\"><\/path><\/svg>\t\t\t\t\t\t<\/span>\n\t\t\t\t\t\t\t\t\t\t<span class=\"elementor-icon-list-text\">Regjistri i K\u00ebrkesave dhe p\u00ebrgjigjeve 2023<\/span>\n\t\t\t\t\t\t\t\t\t\t\t<\/a>\n\t\t\t\t\t\t\t\t\t<\/li>\n\t\t\t\t\t\t\t\t<li class=\"elementor-icon-list-item\">\n\t\t\t\t\t\t\t\t\t\t\t<a href=\"https:\/\/drtkshkoder.com\/wp-content\/uploads\/2026\/02\/REGJISTRI-I-KERKESAVE-DHE-PERGJIGJEVE-2024.docx\">\n\n\t\t\t\t\t\t\t\t\t\t\t\t<span class=\"elementor-icon-list-icon\">\n\t\t\t\t\t\t\t<svg aria-hidden=\"true\" class=\"e-font-icon-svg e-fas-dot-circle\" viewbox=\"0 0 512 512\" xmlns=\"http:\/\/www.w3.org\/2000\/svg\"><path d=\"M256 8C119.033 8 8 119.033 8 256s111.033 248 248 248 248-111.033 248-248S392.967 8 256 8zm80 248c0 44.112-35.888 80-80 80s-80-35.888-80-80 35.888-80 80-80 80 35.888 80 80z\"><\/path><\/svg>\t\t\t\t\t\t<\/span>\n\t\t\t\t\t\t\t\t\t\t<span class=\"elementor-icon-list-text\">Regjistri i K\u00ebrkesave dhe p\u00ebrgjigjeve 2024<\/span>\n\t\t\t\t\t\t\t\t\t\t\t<\/a>\n\t\t\t\t\t\t\t\t\t<\/li>\n\t\t\t\t\t\t\t\t<li class=\"elementor-icon-list-item\">\n\t\t\t\t\t\t\t\t\t\t\t<a href=\"https:\/\/drtkshkoder.com\/wp-content\/uploads\/2026\/02\/REGJISTRI-I-KERKESAVE-DHE-PERGJIGJEVE-2025.docx\">\n\n\t\t\t\t\t\t\t\t\t\t\t\t<span class=\"elementor-icon-list-icon\">\n\t\t\t\t\t\t\t<svg aria-hidden=\"true\" class=\"e-font-icon-svg e-fas-dot-circle\" viewbox=\"0 0 512 512\" xmlns=\"http:\/\/www.w3.org\/2000\/svg\"><path d=\"M256 8C119.033 8 8 119.033 8 256s111.033 248 248 248 248-111.033 248-248S392.967 8 256 8zm80 248c0 44.112-35.888 80-80 80s-80-35.888-80-80 35.888-80 80-80 80 35.888 80 80z\"><\/path><\/svg>\t\t\t\t\t\t<\/span>\n\t\t\t\t\t\t\t\t\t\t<span class=\"elementor-icon-list-text\">Regjistri i K\u00ebrkesave dhe p\u00ebrgjigjeve 2025<\/span>\n\t\t\t\t\t\t\t\t\t\t\t<\/a>\n\t\t\t\t\t\t\t\t\t<\/li>\n\t\t\t\t\t\t\t\t<li class=\"elementor-icon-list-item\">\n\t\t\t\t\t\t\t\t\t\t\t<a href=\"https:\/\/drtkshkoder.com\/wp-content\/uploads\/2026\/03\/REGJISTRI-I-KERKESAVE-DHE-PERGJIGJEVE-2026.docx\">\n\n\t\t\t\t\t\t\t\t\t\t\t\t<span class=\"elementor-icon-list-icon\">\n\t\t\t\t\t\t\t<svg aria-hidden=\"true\" class=\"e-font-icon-svg e-fas-dot-circle\" viewbox=\"0 0 512 512\" xmlns=\"http:\/\/www.w3.org\/2000\/svg\"><path d=\"M256 8C119.033 8 8 119.033 8 256s111.033 248 248 248 248-111.033 248-248S392.967 8 256 8zm80 248c0 44.112-35.888 80-80 80s-80-35.888-80-80 35.888-80 80-80 80 35.888 80 80z\"><\/path><\/svg>\t\t\t\t\t\t<\/span>\n\t\t\t\t\t\t\t\t\t\t<span class=\"elementor-icon-list-text\">Regjistri i K\u00ebrkesave dhe p\u00ebrgjigjeve 2026<\/span>\n\t\t\t\t\t\t\t\t\t\t\t<\/a>\n\t\t\t\t\t\t\t\t\t<\/li>\n\t\t\t\t\t\t<\/ul>\n\t\t\t\t\t\t<\/div>\n\t\t\t\t\t<\/div>\n\t\t\t\t<\/div>\n\t\t\t\t<\/div>","protected":false},"excerpt":{"rendered":"<p>Regjistri i K\u00ebrkesave dhe P\u00ebrgjigjeve Regjistri i K\u00ebrkesave dhe p\u00ebrgjigjeve 2023 Regjistri i K\u00ebrkesave dhe p\u00ebrgjigjeve 2024 Regjistri i K\u00ebrkesave dhe p\u00ebrgjigjeve 2025 Regjistri i K\u00ebrkesave dhe p\u00ebrgjigjeve 2026<\/p>","protected":false},"author":1,"featured_media":0,"parent":0,"menu_order":0,"comment_status":"closed","ping_status":"closed","template":"elementor_header_footer","meta":{"footnotes":""},"class_list":["post-4805","page","type-page","status-publish","hentry"],"_links":{"self":[{"href":"https:\/\/drtkshkoder.com\/en\/wp-json\/wp\/v2\/pages\/4805","targetHints":{"allow":["GET"]}}],"collection":[{"href":"https:\/\/drtkshkoder.com\/en\/wp-json\/wp\/v2\/pages"}],"about":[{"href":"https:\/\/drtkshkoder.com\/en\/wp-json\/wp\/v2\/types\/page"}],"author":[{"embeddable":true,"href":"https:\/\/drtkshkoder.com\/en\/wp-json\/wp\/v2\/users\/1"}],"replies":[{"embeddable":true,"href":"https:\/\/drtkshkoder.com\/en\/wp-json\/wp\/v2\/comments?post=4805"}],"version-history":[{"count":7,"href":"https:\/\/drtkshkoder.com\/en\/wp-json\/wp\/v2\/pages\/4805\/revisions"}],"predecessor-version":[{"id":4866,"href":"https:\/\/drtkshkoder.com\/en\/wp-json\/wp\/v2\/pages\/4805\/revisions\/4866"}],"wp:attachment":[{"href":"https:\/\/drtkshkoder.com\/en\/wp-json\/wp\/v2\/media?parent=4805"}],"curies":[{"name":"wp","href":"https:\/\/api.w.org\/{rel}","templated":true}]}}